{"id":5991,"date":"2023-02-27T15:43:54","date_gmt":"2023-02-27T13:43:54","guid":{"rendered":"https:\/\/setlementtijoensuu.fi\/?page_id=5991"},"modified":"2026-03-10T09:49:10","modified_gmt":"2026-03-10T07:49:10","slug":"global-friday","status":"publish","type":"page","link":"https:\/\/setlementtijoensuu.fi\/en\/global-friday","title":{"rendered":"Global Friday"},"content":{"rendered":"<div id=\"fws_69f0e050518b2\"  data-column-margin=\"default\" data-midnight=\"dark\" data-top-percent=\"12%\" data-bottom-percent=\"12%\"  class=\"wpb_row vc_row-fluid vc_row full-width-section\"  style=\"padding-top: calc(100vw * 0.12); padding-bottom: calc(100vw * 0.12); \"><div class=\"row-bg-wrap\" data-bg-animation=\"none\" data-bg-animation-delay=\"\" data-bg-overlay=\"true\"><div class=\"inner-wrap row-bg-layer using-image\" ><div class=\"row-bg viewport-desktop using-image\"  style=\"background-image: url(https:\/\/setlementtijoensuu.fi\/wp-content\/uploads\/2023\/04\/monikulttuurityo.jpg); background-position: center center; background-repeat: no-repeat; \"><\/div><\/div><div class=\"row-bg-overlay row-bg-layer\" style=\"background: #000000; background: linear-gradient(90deg,#000000 10%,rgba(255,255,255,0.001) 75%);  opacity: 0.3; background: #000000; background: linear-gradient(90deg,#000000 0%,rgba(255,255,255,0.001) 100%);  opacity: 0.3; \"><\/div><\/div><div class=\"row_col_wrap_12 col span_12 dark left\">\n\t<div  class=\"vc_col-sm-12 wpb_column column_container vc_column_container col no-extra-padding inherit_tablet inherit_phone\"  data-padding-pos=\"all\" data-has-bg-color=\"false\" data-bg-color=\"\" data-bg-opacity=\"1\" data-animation=\"\" data-delay=\"0\" >\n\t\t<div class=\"vc_column-inner\" >\n\t\t\t<div class=\"wpb_wrapper\">\n\t\t\t\t<h1 style=\"font-size: 8vh;color: #ffffff;line-height: 1.1;text-align: left\" class=\"vc_custom_heading vc_do_custom_heading\" >Global Friday<\/h1>\n\t\t\t<\/div> \n\t\t<\/div>\n\t<\/div> \n<\/div><\/div>\n\t\t<div id=\"toiminta\"  data-column-margin=\"default\" data-midnight=\"dark\" data-top-percent=\"5%\"  class=\"wpb_row vc_row-fluid vc_row vc_row-o-equal-height vc_row-flex vc_row-o-content-top\"  style=\"padding-top: calc(100vw * 0.05); padding-bottom: 0px; \"><div class=\"row-bg-wrap\" data-bg-animation=\"none\" data-bg-animation-delay=\"\" data-bg-overlay=\"false\"><div class=\"inner-wrap row-bg-layer\" ><div class=\"row-bg viewport-desktop\"  style=\"\"><\/div><\/div><\/div><div class=\"row_col_wrap_12 col span_12 dark left\">\n\t<div  class=\"vc_col-sm-6 wpb_column column_container vc_column_container col padding-3-percent inherit_tablet inherit_phone\"  data-padding-pos=\"right\" data-has-bg-color=\"false\" data-bg-color=\"\" data-bg-opacity=\"1\" data-animation=\"\" data-delay=\"0\" >\n\t\t<div class=\"vc_column-inner\" >\n\t\t\t<div class=\"wpb_wrapper\">\n\t\t\t\t\n<div class=\"wpb_text_column wpb_content_element\" >\n\t<div class=\"wpb_wrapper\">\n\t\t<h4>Global Friday<\/h4>\n<p>Joensuun Setlementti j\u00e4rjest\u00e4\u00e4 Global Friday -monikulttuurista kohtaamispaikkatoimintaa. Global Friday:ssa voi tutustua uusiin ihmisiin ja kulttuureihin, ilmaista omaa kulttuuria haluamallaan tavalla tai voi vain nauttia yhdess\u00e4olosta.<\/p>\n<p>Global Friday on kaikille avointa ja maksutonta toimintaa, jota j\u00e4rjestet\u00e4\u00e4n Joensuun Setlementin Tupa-tilassa kev\u00e4t- ja syyskausilla perjantaisin klo 17-20.<\/p>\n<p>&nbsp;<\/p>\n<p>Tupa-tilamme l\u00f6ytyy toimitiloistamme osoitteessa Siltakatu 10 A 13, 5. krs. (p\u00e4\u00e4sy portaitse ja hissill\u00e4).<\/p>\n<p>Toiminnan ohjaajat suunnittelevat toimintaa yhdess\u00e4 k\u00e4vij\u00f6iden kanssa heid\u00e4n ideoistaan ja tarpeistaan l\u00e4htien.<\/p>\n<h4>Global Friday:t kev\u00e4tkaudella 2026:<\/h4>\n<p>20.2.<\/p>\n<p>20.3.<\/p>\n<p>17.4.<\/p>\n<p>15.5.<\/p>\n<p>5.6.<\/p>\n<p>&nbsp;<\/p>\n<h4>Global Friday (In English)<\/h4>\n<p>Joensuun Setlementti organises Global Friday, a multicultural and international meeting place activity. At Global Friday you can get to know new people and cultures, express your own culture in the way you want or just enjoy being together.<\/p>\n<p>Global Friday is a place open to everyone and free of charge, which takes place every Friday from 5 to 8pm in the Tupa space of Joensuun Setlementti.<\/p>\n<p><strong>Global Friday during Spring 2026:<\/strong><\/p>\n<p>20.2.<\/p>\n<p>20.3.<\/p>\n<p>17.4.<\/p>\n<p>15.5.<\/p>\n<p>5.6.<\/p>\n<p>Our Tupa is located in our premises at Siltakatu 10 A 13, 5th floor (access by stairs and lift).<\/p>\n<p>The activity instructors plan the activities together with the visitors based on their ideas and needs.<\/p>\n\t<\/div>\n<\/div>\n\n\n\n<div class=\"img-with-aniamtion-wrap\" data-max-width=\"100%\" data-max-width-mobile=\"default\" data-shadow=\"none\" data-animation=\"fade-in\" >\n      <div class=\"inner\">\n        <div class=\"hover-wrap\"> \n          <div class=\"hover-wrap-inner\">\n            <img loading=\"lazy\" decoding=\"async\" class=\"img-with-animation skip-lazy\" data-delay=\"0\" height=\"1500\" width=\"2000\" data-animation=\"fade-in\" src=\"https:\/\/setlementtijoensuu.fi\/wp-content\/uploads\/2025\/08\/WhatsApp-Image-2025-08-08-at-18.17.52.jpeg\" alt=\"\" srcset=\"https:\/\/setlementtijoensuu.fi\/wp-content\/uploads\/2025\/08\/WhatsApp-Image-2025-08-08-at-18.17.52.jpeg 2000w, https:\/\/setlementtijoensuu.fi\/wp-content\/uploads\/2025\/08\/WhatsApp-Image-2025-08-08-at-18.17.52-1536x1152.jpeg 1536w, https:\/\/setlementtijoensuu.fi\/wp-content\/uploads\/2025\/08\/WhatsApp-Image-2025-08-08-at-18.17.52-16x12.jpeg 16w, https:\/\/setlementtijoensuu.fi\/wp-content\/uploads\/2025\/08\/WhatsApp-Image-2025-08-08-at-18.17.52-300x225.jpeg 300w, https:\/\/setlementtijoensuu.fi\/wp-content\/uploads\/2025\/08\/WhatsApp-Image-2025-08-08-at-18.17.52-768x576.jpeg 768w, https:\/\/setlementtijoensuu.fi\/wp-content\/uploads\/2025\/08\/WhatsApp-Image-2025-08-08-at-18.17.52-1024x768.jpeg 1024w\" sizes=\"auto, (max-width: 2000px) 100vw, 2000px\" \/>\n          <\/div>\n        <\/div>\n      <\/div>\n    <\/div>\n\t\t\t<\/div> \n\t\t<\/div>\n\t<\/div> \n\n\t<div  class=\"vc_col-sm-6 wpb_column column_container vc_column_container col no-extra-padding inherit_tablet inherit_phone\"  data-padding-pos=\"all\" data-has-bg-color=\"false\" data-bg-color=\"\" data-bg-opacity=\"1\" data-animation=\"\" data-delay=\"0\" >\n\t\t<div class=\"vc_column-inner\" >\n\t\t\t<div class=\"wpb_wrapper\">\n\t\t\t\t\n<div class=\"wpb_text_column wpb_content_element\" >\n\t<div class=\"wpb_wrapper\">\n\t\t<p>Follow Global Friday on social media!<\/p>\n<p>@globalfridayjoensuu<\/p>\n\t<\/div>\n<\/div>\n\n\n\n<div class=\"nectar_icon_wrap\" data-style=\"default\" data-padding=\"20px\" data-color=\"accent-color\" style=\"\" >\n\t\t<div class=\"nectar_icon\" ><a href=\"https:\/\/www.instagram.com\/globalfridayjoensuu\/\" ><\/a><i style=\"font-size: 50px; line-height: 50px; height: 50px; width: 50px;\" class=\"fa fa-instagram\"><\/i><\/div>\n\t<\/div><div class=\"img-with-aniamtion-wrap\" data-max-width=\"100%\" data-max-width-mobile=\"default\" data-shadow=\"none\" data-animation=\"none\" >\n      <div class=\"inner\">\n        <div class=\"hover-wrap\"> \n          <div class=\"hover-wrap-inner\">\n            <img loading=\"lazy\" decoding=\"async\" class=\"img-with-animation skip-lazy\" data-delay=\"0\" height=\"2000\" width=\"1600\" data-animation=\"none\" src=\"https:\/\/setlementtijoensuu.fi\/wp-content\/uploads\/2026\/03\/Black-and-Orange-Collage-Typewriter-Eye-Mouth-Quote-Instagram-Post.png\" alt=\"\" srcset=\"https:\/\/setlementtijoensuu.fi\/wp-content\/uploads\/2026\/03\/Black-and-Orange-Collage-Typewriter-Eye-Mouth-Quote-Instagram-Post.png 1600w, https:\/\/setlementtijoensuu.fi\/wp-content\/uploads\/2026\/03\/Black-and-Orange-Collage-Typewriter-Eye-Mouth-Quote-Instagram-Post-1229x1536.png 1229w, https:\/\/setlementtijoensuu.fi\/wp-content\/uploads\/2026\/03\/Black-and-Orange-Collage-Typewriter-Eye-Mouth-Quote-Instagram-Post-10x12.png 10w, https:\/\/setlementtijoensuu.fi\/wp-content\/uploads\/2026\/03\/Black-and-Orange-Collage-Typewriter-Eye-Mouth-Quote-Instagram-Post-240x300.png 240w, https:\/\/setlementtijoensuu.fi\/wp-content\/uploads\/2026\/03\/Black-and-Orange-Collage-Typewriter-Eye-Mouth-Quote-Instagram-Post-768x960.png 768w, https:\/\/setlementtijoensuu.fi\/wp-content\/uploads\/2026\/03\/Black-and-Orange-Collage-Typewriter-Eye-Mouth-Quote-Instagram-Post-819x1024.png 819w\" sizes=\"auto, (max-width: 1600px) 100vw, 1600px\" \/>\n          <\/div>\n        <\/div>\n      <\/div>\n    <\/div>\n\t\t\t<\/div> \n\t\t<\/div>\n\t<\/div> \n<\/div><\/div>\n\t\t<div id=\"fws_69f0e050527dd\"  data-column-margin=\"default\" data-midnight=\"dark\"  class=\"wpb_row vc_row-fluid vc_row\"  style=\"padding-top: 0px; padding-bottom: 0px; \"><div class=\"row-bg-wrap\" data-bg-animation=\"none\" data-bg-animation-delay=\"\" data-bg-overlay=\"false\"><div class=\"inner-wrap row-bg-layer\" ><div class=\"row-bg viewport-desktop\"  style=\"\"><\/div><\/div><\/div><div class=\"row_col_wrap_12 col span_12 dark left\">\n\t<div  class=\"vc_col-sm-12 wpb_column column_container vc_column_container col no-extra-padding inherit_tablet inherit_phone\"  data-padding-pos=\"all\" data-has-bg-color=\"false\" data-bg-color=\"\" data-bg-opacity=\"1\" data-animation=\"\" data-delay=\"0\" >\n\t\t<div class=\"vc_column-inner\" >\n\t\t\t<div class=\"wpb_wrapper\">\n\t\t\t\t\n<div class=\"wpb_text_column wpb_content_element\" >\n\t<div class=\"wpb_wrapper\">\n\t\t<h3><strong>More info about Global Friday:<\/strong><\/h3>\n<p><a href=\"mailto:henna.karhapaa@setlementtijoensuu.fi\">henna.karhapaa@setlementtijoensuu.fi<\/a><\/p>\n\t<\/div>\n<\/div>\n\n\n\n\n\t\t\t<\/div> \n\t\t<\/div>\n\t<\/div> \n<\/div><\/div>","protected":false},"excerpt":{"rendered":"Global Friday Global Friday Joensuun Setlementti j\u00e4rjest\u00e4\u00e4 Global Friday -monikulttuurista kohtaamispaikkatoimintaa. Global...","protected":false},"author":2,"featured_media":0,"parent":0,"menu_order":0,"comment_status":"closed","ping_status":"closed","template":"","meta":{"footnotes":""},"class_list":["post-5991","page","type-page","status-publish"],"yoast_head":"<!-- This site is optimized with the Yoast SEO plugin v24.5 - https:\/\/yoast.com\/wordpress\/plugins\/seo\/ -->\n<title>Global Friday - Setlementti Joensuu<\/title>\n<meta name=\"description\" content=\"Global Friday is international meeting place by Joensuu Setlementti\" \/>\n<meta name=\"robots\" content=\"index, follow, max-snippet:-1, max-image-preview:large, max-video-preview:-1\" \/>\n<link rel=\"canonical\" href=\"https:\/\/setlementtijoensuu.fi\/en\/global-friday\/\" \/>\n<meta property=\"og:locale\" content=\"en_US\" \/>\n<meta property=\"og:type\" content=\"article\" \/>\n<meta property=\"og:title\" content=\"Global Friday - Setlementti Joensuu\" \/>\n<meta property=\"og:description\" content=\"Global Friday is international meeting place by Joensuu Setlementti\" \/>\n<meta property=\"og:url\" content=\"https:\/\/setlementtijoensuu.fi\/en\/global-friday\/\" \/>\n<meta property=\"og:site_name\" content=\"Setlementti Joensuu\" \/>\n<meta property=\"article:publisher\" content=\"https:\/\/www.facebook.com\/setlementtijoensuu.fi\" \/>\n<meta property=\"article:modified_time\" content=\"2026-03-10T07:49:10+00:00\" \/>\n<meta property=\"og:image\" content=\"https:\/\/setlementtijoensuu.fi\/wp-content\/uploads\/2023\/02\/joensuun-setlementti-1920.jpg\" \/>\n\t<meta property=\"og:image:width\" content=\"1920\" \/>\n\t<meta property=\"og:image:height\" content=\"870\" \/>\n\t<meta property=\"og:image:type\" content=\"image\/jpeg\" \/>\n<meta name=\"twitter:card\" content=\"summary_large_image\" \/>\n<meta name=\"twitter:label1\" content=\"Est. reading time\" \/>\n\t<meta name=\"twitter:data1\" content=\"2 minutes\" \/>\n<script type=\"application\/ld+json\" class=\"yoast-schema-graph\">{\"@context\":\"https:\/\/schema.org\",\"@graph\":[{\"@type\":\"WebPage\",\"@id\":\"https:\/\/setlementtijoensuu.fi\/global-friday\",\"url\":\"https:\/\/setlementtijoensuu.fi\/global-friday\",\"name\":\"Global Friday - Setlementti Joensuu\",\"isPartOf\":{\"@id\":\"https:\/\/setlementtijoensuu.fi\/#website\"},\"datePublished\":\"2023-02-27T13:43:54+00:00\",\"dateModified\":\"2026-03-10T07:49:10+00:00\",\"description\":\"Global Friday is international meeting place by Joensuu Setlementti\",\"breadcrumb\":{\"@id\":\"https:\/\/setlementtijoensuu.fi\/global-friday#breadcrumb\"},\"inLanguage\":\"en-US\",\"potentialAction\":[{\"@type\":\"ReadAction\",\"target\":[\"https:\/\/setlementtijoensuu.fi\/global-friday\"]}]},{\"@type\":\"BreadcrumbList\",\"@id\":\"https:\/\/setlementtijoensuu.fi\/global-friday#breadcrumb\",\"itemListElement\":[{\"@type\":\"ListItem\",\"position\":1,\"name\":\"Etusivu\",\"item\":\"https:\/\/setlementtijoensuu.fi\/\"},{\"@type\":\"ListItem\",\"position\":2,\"name\":\"Global Friday\"}]},{\"@type\":\"WebSite\",\"@id\":\"https:\/\/setlementtijoensuu.fi\/#website\",\"url\":\"https:\/\/setlementtijoensuu.fi\/\",\"name\":\"Setlementti Joensuu\",\"description\":\"Rohkeasti ihmisen puolella\",\"publisher\":{\"@id\":\"https:\/\/setlementtijoensuu.fi\/#organization\"},\"alternateName\":\"Joensuun Setlementti Ry\",\"potentialAction\":[{\"@type\":\"SearchAction\",\"target\":{\"@type\":\"EntryPoint\",\"urlTemplate\":\"https:\/\/setlementtijoensuu.fi\/?s={search_term_string}\"},\"query-input\":{\"@type\":\"PropertyValueSpecification\",\"valueRequired\":true,\"valueName\":\"search_term_string\"}}],\"inLanguage\":\"en-US\"},{\"@type\":\"Organization\",\"@id\":\"https:\/\/setlementtijoensuu.fi\/#organization\",\"name\":\"Joensuun Setlementti ry\",\"alternateName\":\"Joensuun Setlementti\",\"url\":\"https:\/\/setlementtijoensuu.fi\/\",\"logo\":{\"@type\":\"ImageObject\",\"inLanguage\":\"en-US\",\"@id\":\"https:\/\/setlementtijoensuu.fi\/#\/schema\/logo\/image\/\",\"url\":\"https:\/\/setlementtijoensuu.fi\/wp-content\/uploads\/2023\/02\/logo-retina-1.png\",\"contentUrl\":\"https:\/\/setlementtijoensuu.fi\/wp-content\/uploads\/2023\/02\/logo-retina-1.png\",\"width\":200,\"height\":88,\"caption\":\"Joensuun Setlementti ry\"},\"image\":{\"@id\":\"https:\/\/setlementtijoensuu.fi\/#\/schema\/logo\/image\/\"},\"sameAs\":[\"https:\/\/www.facebook.com\/setlementtijoensuu.fi\",\"https:\/\/www.instagram.com\/joensuunsetlementti\/\"]}]}<\/script>\n<!-- \/ Yoast SEO plugin. -->","yoast_head_json":{"title":"Global Friday - Setlementti Joensuu","description":"Global Friday is international meeting place by Joensuu Setlementti","robots":{"index":"index","follow":"follow","max-snippet":"max-snippet:-1","max-image-preview":"max-image-preview:large","max-video-preview":"max-video-preview:-1"},"canonical":"https:\/\/setlementtijoensuu.fi\/en\/global-friday\/","og_locale":"en_US","og_type":"article","og_title":"Global Friday - Setlementti Joensuu","og_description":"Global Friday is international meeting place by Joensuu Setlementti","og_url":"https:\/\/setlementtijoensuu.fi\/en\/global-friday\/","og_site_name":"Setlementti Joensuu","article_publisher":"https:\/\/www.facebook.com\/setlementtijoensuu.fi","article_modified_time":"2026-03-10T07:49:10+00:00","og_image":[{"width":1920,"height":870,"url":"https:\/\/setlementtijoensuu.fi\/wp-content\/uploads\/2023\/02\/joensuun-setlementti-1920.jpg","type":"image\/jpeg"}],"twitter_card":"summary_large_image","twitter_misc":{"Est. reading time":"2 minutes"},"schema":{"@context":"https:\/\/schema.org","@graph":[{"@type":"WebPage","@id":"https:\/\/setlementtijoensuu.fi\/global-friday","url":"https:\/\/setlementtijoensuu.fi\/global-friday","name":"Global Friday - Setlementti Joensuu","isPartOf":{"@id":"https:\/\/setlementtijoensuu.fi\/#website"},"datePublished":"2023-02-27T13:43:54+00:00","dateModified":"2026-03-10T07:49:10+00:00","description":"Global Friday is international meeting place by Joensuu Setlementti","breadcrumb":{"@id":"https:\/\/setlementtijoensuu.fi\/global-friday#breadcrumb"},"inLanguage":"en-US","potentialAction":[{"@type":"ReadAction","target":["https:\/\/setlementtijoensuu.fi\/global-friday"]}]},{"@type":"BreadcrumbList","@id":"https:\/\/setlementtijoensuu.fi\/global-friday#breadcrumb","itemListElement":[{"@type":"ListItem","position":1,"name":"Etusivu","item":"https:\/\/setlementtijoensuu.fi\/"},{"@type":"ListItem","position":2,"name":"Global Friday"}]},{"@type":"WebSite","@id":"https:\/\/setlementtijoensuu.fi\/#website","url":"https:\/\/setlementtijoensuu.fi\/","name":"Setlementti Joensuu","description":"Rohkeasti ihmisen puolella","publisher":{"@id":"https:\/\/setlementtijoensuu.fi\/#organization"},"alternateName":"Joensuun Setlementti Ry","potentialAction":[{"@type":"SearchAction","target":{"@type":"EntryPoint","urlTemplate":"https:\/\/setlementtijoensuu.fi\/?s={search_term_string}"},"query-input":{"@type":"PropertyValueSpecification","valueRequired":true,"valueName":"search_term_string"}}],"inLanguage":"en-US"},{"@type":"Organization","@id":"https:\/\/setlementtijoensuu.fi\/#organization","name":"Joensuun Setlementti ry","alternateName":"Joensuun Setlementti","url":"https:\/\/setlementtijoensuu.fi\/","logo":{"@type":"ImageObject","inLanguage":"en-US","@id":"https:\/\/setlementtijoensuu.fi\/#\/schema\/logo\/image\/","url":"https:\/\/setlementtijoensuu.fi\/wp-content\/uploads\/2023\/02\/logo-retina-1.png","contentUrl":"https:\/\/setlementtijoensuu.fi\/wp-content\/uploads\/2023\/02\/logo-retina-1.png","width":200,"height":88,"caption":"Joensuun Setlementti ry"},"image":{"@id":"https:\/\/setlementtijoensuu.fi\/#\/schema\/logo\/image\/"},"sameAs":["https:\/\/www.facebook.com\/setlementtijoensuu.fi","https:\/\/www.instagram.com\/joensuunsetlementti\/"]}]}},"_links":{"self":[{"href":"https:\/\/setlementtijoensuu.fi\/en\/wp-json\/wp\/v2\/pages\/5991","targetHints":{"allow":["GET"]}}],"collection":[{"href":"https:\/\/setlementtijoensuu.fi\/en\/wp-json\/wp\/v2\/pages"}],"about":[{"href":"https:\/\/setlementtijoensuu.fi\/en\/wp-json\/wp\/v2\/types\/page"}],"author":[{"embeddable":true,"href":"https:\/\/setlementtijoensuu.fi\/en\/wp-json\/wp\/v2\/users\/2"}],"replies":[{"embeddable":true,"href":"https:\/\/setlementtijoensuu.fi\/en\/wp-json\/wp\/v2\/comments?post=5991"}],"version-history":[{"count":17,"href":"https:\/\/setlementtijoensuu.fi\/en\/wp-json\/wp\/v2\/pages\/5991\/revisions"}],"predecessor-version":[{"id":7558,"href":"https:\/\/setlementtijoensuu.fi\/en\/wp-json\/wp\/v2\/pages\/5991\/revisions\/7558"}],"wp:attachment":[{"href":"https:\/\/setlementtijoensuu.fi\/en\/wp-json\/wp\/v2\/media?parent=5991"}],"curies":[{"name":"wp","href":"https:\/\/api.w.org\/{rel}","templated":true}]}}