{"id":6245,"date":"2023-03-09T10:59:44","date_gmt":"2023-03-09T08:59:44","guid":{"rendered":"https:\/\/setlementtijoensuu.fi\/?page_id=6245"},"modified":"2026-01-16T14:19:08","modified_gmt":"2026-01-16T12:19:08","slug":"ikaihmisten-vapaaehtoistoiminta","status":"publish","type":"page","link":"https:\/\/setlementtijoensuu.fi\/en\/ikaihmiset\/ikaihmisten-vapaaehtoistoiminta","title":{"rendered":"Ik\u00e4ihmisten vapaaehtoistoiminta"},"content":{"rendered":"<div id=\"fws_69f0e4146cabe\"  data-column-margin=\"default\" data-midnight=\"dark\" data-top-percent=\"12%\" data-bottom-percent=\"12%\"  class=\"wpb_row vc_row-fluid vc_row full-width-section\"  style=\"padding-top: calc(100vw * 0.12); padding-bottom: calc(100vw * 0.12); \"><div class=\"row-bg-wrap\" data-bg-animation=\"none\" data-bg-animation-delay=\"\" data-bg-overlay=\"true\"><div class=\"inner-wrap row-bg-layer using-image\" ><div class=\"row-bg viewport-desktop using-image\"  style=\"background-image: url(https:\/\/setlementtijoensuu.fi\/wp-content\/uploads\/2023\/02\/Ikaihmisten-toiminta-1-1920.jpg); background-position: center center; background-repeat: no-repeat; \"><\/div><\/div><div class=\"row-bg-overlay row-bg-layer\" style=\"background: #000000; background: linear-gradient(90deg,#000000 10%,rgba(255,255,255,0.001) 75%);  opacity: 0.3; background: #000000; background: linear-gradient(90deg,#000000 0%,rgba(255,255,255,0.001) 100%);  opacity: 0.3; \"><\/div><\/div><div class=\"row_col_wrap_12 col span_12 dark left\">\n\t<div  class=\"vc_col-sm-12 wpb_column column_container vc_column_container col no-extra-padding inherit_tablet inherit_phone\"  data-padding-pos=\"all\" data-has-bg-color=\"false\" data-bg-color=\"\" data-bg-opacity=\"1\" data-animation=\"\" data-delay=\"0\" >\n\t\t<div class=\"vc_column-inner\" >\n\t\t\t<div class=\"wpb_wrapper\">\n\t\t\t\t<h1 style=\"font-size: 8vh;color: #ffffff;line-height: 1.1;text-align: left\" class=\"vc_custom_heading vc_do_custom_heading\" >Ik\u00e4ihmisten vapaaehtoistoiminta<\/h1>\n\t\t\t<\/div> \n\t\t<\/div>\n\t<\/div> \n<\/div><\/div>\n\t\t<div id=\"toiminta\"  data-column-margin=\"70px\" data-midnight=\"dark\" data-top-percent=\"5%\"  class=\"wpb_row vc_row-fluid vc_row vc_row-o-equal-height vc_row-flex vc_row-o-content-middle\"  style=\"padding-top: calc(100vw * 0.05); padding-bottom: 0px; \"><div class=\"row-bg-wrap\" data-bg-animation=\"none\" data-bg-animation-delay=\"\" data-bg-overlay=\"false\"><div class=\"inner-wrap row-bg-layer\" ><div class=\"row-bg viewport-desktop\"  style=\"\"><\/div><\/div><\/div><div class=\"row_col_wrap_12 col span_12 dark left\">\n\t<div  class=\"vc_col-sm-6 wpb_column column_container vc_column_container col padding-3-percent no-extra-padding_tablet no-extra-padding_phone\"  data-padding-pos=\"right\" data-has-bg-color=\"false\" data-bg-color=\"\" data-bg-opacity=\"1\" data-animation=\"\" data-delay=\"0\" >\n\t\t<div class=\"vc_column-inner\" >\n\t\t\t<div class=\"wpb_wrapper\">\n\t\t\t\t\n<div class=\"wpb_text_column wpb_content_element\" >\n\t<div class=\"wpb_wrapper\">\n\t\t<h2>Ik\u00e4ihmisten vapaaehtoistoiminta<\/h2>\n\t<\/div>\n<\/div>\n\n\n\n<div class=\"divider-wrap\" data-alignment=\"default\"><div style=\"height: 25px;\" class=\"divider\"><\/div><\/div>\n<div class=\"wpb_text_column wpb_content_element\" >\n\t<div class=\"wpb_wrapper\">\n\t\t<p><strong>Haluaisitko sin\u00e4 ohjata lukupiiri\u00e4 tai retkiryhm\u00e4\u00e4? Kaipaatko seuraa kulttuuririentoihin tai iltalenkille?<\/strong><\/p>\n<p><span style=\"font-weight: 400;\">Etsimme vapaaehtoistoimintaamme ryhm\u00e4vapaaehtoisia ohjaamaan ja kokoamaan samoista asioista kiinnostuneita yhteen. <\/span><\/p>\n<p><span style=\"font-weight: 400;\">Tervetuloa mukaan uuteen toimintaan, jonka tarkoituksena on toimia omalla painollaan osallistujien voimin, mutta Setlementin ty\u00f6ntekij\u00f6iden tukemana. (Viestint\u00e4, koulutus, virkistys)<\/span><\/p>\n\t<\/div>\n<\/div>\n\n\n\n<div class=\"img-with-aniamtion-wrap\" data-max-width=\"100%\" data-max-width-mobile=\"default\" data-shadow=\"none\" data-animation=\"none\" >\n      <div class=\"inner\">\n        <div class=\"hover-wrap\"> \n          <div class=\"hover-wrap-inner\">\n            <img loading=\"lazy\" decoding=\"async\" class=\"img-with-animation skip-lazy\" data-delay=\"0\" height=\"2000\" width=\"1414\" data-animation=\"none\" src=\"https:\/\/setlementtijoensuu.fi\/wp-content\/uploads\/2026\/01\/Ystavapiiri.png\" alt=\"\" srcset=\"https:\/\/setlementtijoensuu.fi\/wp-content\/uploads\/2026\/01\/Ystavapiiri.png 1414w, https:\/\/setlementtijoensuu.fi\/wp-content\/uploads\/2026\/01\/Ystavapiiri-1086x1536.png 1086w, https:\/\/setlementtijoensuu.fi\/wp-content\/uploads\/2026\/01\/Ystavapiiri-8x12.png 8w, https:\/\/setlementtijoensuu.fi\/wp-content\/uploads\/2026\/01\/Ystavapiiri-212x300.png 212w, https:\/\/setlementtijoensuu.fi\/wp-content\/uploads\/2026\/01\/Ystavapiiri-768x1086.png 768w, https:\/\/setlementtijoensuu.fi\/wp-content\/uploads\/2026\/01\/Ystavapiiri-724x1024.png 724w\" sizes=\"auto, (max-width: 1414px) 100vw, 1414px\" \/>\n          <\/div>\n        <\/div>\n      <\/div>\n    <\/div>\n\t\t\t<\/div> \n\t\t<\/div>\n\t<\/div> \n\n\t<div  class=\"vc_col-sm-6 wpb_column column_container vc_column_container col no-extra-padding inherit_tablet inherit_phone\"  data-padding-pos=\"all\" data-has-bg-color=\"false\" data-bg-color=\"\" data-bg-opacity=\"1\" data-animation=\"\" data-delay=\"0\" >\n\t\t<div class=\"vc_column-inner\" >\n\t\t\t<div class=\"wpb_wrapper\">\n\t\t\t\t<div class=\"img-with-aniamtion-wrap\" data-max-width=\"100%\" data-max-width-mobile=\"default\" data-shadow=\"none\" data-animation=\"fade-in\" >\n      <div class=\"inner\">\n        <div class=\"hover-wrap\"> \n          <div class=\"hover-wrap-inner\">\n            <img loading=\"lazy\" decoding=\"async\" class=\"img-with-animation skip-lazy\" data-delay=\"0\" height=\"1079\" width=\"1920\" data-animation=\"fade-in\" src=\"https:\/\/setlementtijoensuu.fi\/wp-content\/uploads\/2023\/02\/Ikaihmisten-toiminta-1-1920.jpg\" alt=\"\" srcset=\"https:\/\/setlementtijoensuu.fi\/wp-content\/uploads\/2023\/02\/Ikaihmisten-toiminta-1-1920.jpg 1920w, https:\/\/setlementtijoensuu.fi\/wp-content\/uploads\/2023\/02\/Ikaihmisten-toiminta-1-1920-1536x863.jpg 1536w, https:\/\/setlementtijoensuu.fi\/wp-content\/uploads\/2023\/02\/Ikaihmisten-toiminta-1-1920-300x169.jpg 300w, https:\/\/setlementtijoensuu.fi\/wp-content\/uploads\/2023\/02\/Ikaihmisten-toiminta-1-1920-768x432.jpg 768w, https:\/\/setlementtijoensuu.fi\/wp-content\/uploads\/2023\/02\/Ikaihmisten-toiminta-1-1920-1024x575.jpg 1024w\" sizes=\"auto, (max-width: 1920px) 100vw, 1920px\" \/>\n          <\/div>\n        <\/div>\n      <\/div>\n    <\/div>\n\t\t\t<\/div> \n\t\t<\/div>\n\t<\/div> \n<\/div><\/div>\n\t\t<div id=\"fws_69f0e4146d316\"  data-column-margin=\"default\" data-midnight=\"dark\" data-top-percent=\"2%\" data-bottom-percent=\"2%\"  class=\"wpb_row vc_row-fluid vc_row\"  style=\"padding-top: calc(100vw * 0.02); padding-bottom: calc(100vw * 0.02); \"><div class=\"row-bg-wrap\" data-bg-animation=\"none\" data-bg-animation-delay=\"\" data-bg-overlay=\"false\"><div class=\"inner-wrap row-bg-layer\" ><div class=\"row-bg viewport-desktop\"  style=\"\"><\/div><\/div><\/div><div class=\"row_col_wrap_12 col span_12 dark left\">\n\t<div  class=\"vc_col-sm-12 wpb_column column_container vc_column_container col no-extra-padding inherit_tablet inherit_phone\"  data-padding-pos=\"all\" data-has-bg-color=\"false\" data-bg-color=\"\" data-bg-opacity=\"1\" data-animation=\"\" data-delay=\"0\" >\n\t\t<div class=\"vc_column-inner\" >\n\t\t\t<div class=\"wpb_wrapper\">\n\t\t\t\t<div class=\"divider-wrap\" data-alignment=\"default\"><div style=\"margin-top: 12.5px; height: 1px; margin-bottom: 12.5px;\" data-width=\"100%\" data-animate=\"\" data-animation-delay=\"\" data-color=\"default\" class=\"divider-border\"><\/div><\/div>\n\t\t\t<\/div> \n\t\t<\/div>\n\t<\/div> \n<\/div><\/div>\n\t\t<div id=\"fws_69f0e4146d3ed\"  data-column-margin=\"70px\" data-midnight=\"dark\" data-bottom-percent=\"4%\"  class=\"wpb_row vc_row-fluid vc_row\"  style=\"padding-top: 0px; padding-bottom: calc(100vw * 0.04); \"><div class=\"row-bg-wrap\" data-bg-animation=\"none\" data-bg-animation-delay=\"\" data-bg-overlay=\"false\"><div class=\"inner-wrap row-bg-layer\" ><div class=\"row-bg viewport-desktop\"  style=\"\"><\/div><\/div><\/div><div class=\"row_col_wrap_12 col span_12 dark left\">\n\t<div  class=\"vc_col-sm-6 wpb_column column_container vc_column_container col no-extra-padding inherit_tablet inherit_phone\"  data-padding-pos=\"all\" data-has-bg-color=\"false\" data-bg-color=\"\" data-bg-opacity=\"1\" data-animation=\"\" data-delay=\"0\" >\n\t\t<div class=\"vc_column-inner\" >\n\t\t\t<div class=\"wpb_wrapper\">\n\t\t\t\t\n<div class=\"wpb_text_column wpb_content_element\" >\n\t<div class=\"wpb_wrapper\">\n\t\t<p>Vapaaehtoistoimintamme koostuu ryhm\u00e4vapaaehtoisista, jotka voivat tuottaa erilaisia sis\u00e4lt\u00f6j\u00e4 kohtaamispaikkoihimme tai pienryhmien vet\u00e4misest\u00e4.<\/p>\n<p>Ryhm\u00e4vapaaehtoisena voit suunnitella musiikkituokion, leipoa kakun, kertoa omia matkakokemuksiasi, esitell\u00e4 harrastuksen tai suunnitella retken. Voit toteuttaa omia juttujasi kohtaamispaikoissamme ja n\u00e4in ilahduttaa muita mukana olevia ihmisi\u00e4.<\/p>\n<p>Pienryhm\u00e4nvapaaehtoisena voit koota esimerkiksi pelikerhon, kulttuuririentoihin osallistuvan ryhm\u00e4n tai ulkoiluporukan. Esimerkkej\u00e4 pienryhmist\u00e4 mm. Multasormet- keskusteluryhm\u00e4, musiikkimaalausryhm\u00e4 ja Skip Bo- korttipeliporukka.<\/p>\n<p>Kerro ty\u00f6ntekij\u00f6ille ideastasi!<\/p>\n\t<\/div>\n<\/div>\n\n\n\n\n\t\t\t<\/div> \n\t\t<\/div>\n\t<\/div> \n\n\t<div style=\" color: #000000;\" class=\"vc_col-sm-6 wpb_column column_container vc_column_container col no-extra-padding inherit_tablet inherit_phone\" data-cfc=\"true\"  data-padding-pos=\"all\" data-has-bg-color=\"false\" data-bg-color=\"\" data-bg-opacity=\"1\" data-animation=\"\" data-delay=\"0\" >\n\t\t<div class=\"vc_column-inner\" >\n\t\t\t<div class=\"wpb_wrapper\">\n\t\t\t\t\n<div class=\"wpb_text_column wpb_content_element\" >\n\t<div class=\"wpb_wrapper\">\n\t\t<p><strong>Yhteystiedot:<\/strong><\/p>\n<p><span style=\"font-weight: 400;\">Seniority\u00f6n koordinaattori<br \/>\n<\/span><span style=\"font-weight: 400;\">Riitta Koivula<\/span><\/p>\n<p><a href=\"mailto:riitta.koivula@setlementtijoensuu.fi\"><span style=\"font-weight: 400;\">riitta.koivula@setlementtijoensuu.fi<\/span><\/a><br \/>\n<span style=\"font-weight: 400;\">puh. 040 767 2162<\/span><\/p>\n<p>&nbsp;<\/p>\n<p><span style=\"font-weight: 400;\">Seniority\u00f6n kehitt\u00e4j\u00e4<br \/>\n<\/span>Jaana M\u00e4kel\u00e4<\/p>\n<p><a href=\"mailto:jaana.makela@setlementtijoensuu.fi\">jaana.makela@setlementtijoensuu.fi<\/a><br \/>\npuh. 040 156 2497<\/p>\n\t<\/div>\n<\/div>\n\n\n\n\n\t\t\t<\/div> \n\t\t<\/div>\n\t<\/div> \n<\/div><\/div>","protected":false},"excerpt":{"rendered":"Ik\u00e4ihmisten vapaaehtoistoiminta Ik\u00e4ihmisten vapaaehtoistoiminta Haluaisitko sin\u00e4 ohjata lukupiiri\u00e4 tai retkiryhm\u00e4\u00e4? Kaipaatko seuraa...","protected":false},"author":2,"featured_media":0,"parent":6089,"menu_order":0,"comment_status":"closed","ping_status":"closed","template":"","meta":{"footnotes":""},"class_list":["post-6245","page","type-page","status-publish"],"yoast_head":"<!-- This site is optimized with the Yoast SEO plugin v24.5 - https:\/\/yoast.com\/wordpress\/plugins\/seo\/ -->\n<title>Ik\u00e4ihmisten vapaaehtoistoiminta - Setlementti Joensuu<\/title>\n<meta name=\"description\" content=\"Vapaaehtoistoimintamme koostuu ryhm\u00e4vapaaehtoisista, jotka voivat tuottaa erilaisia sis\u00e4lt\u00f6j\u00e4 kohtaamispaikkoihimme tai pienryhmien vet\u00e4misest\u00e4.\" \/>\n<meta name=\"robots\" content=\"index, follow, max-snippet:-1, max-image-preview:large, max-video-preview:-1\" \/>\n<link rel=\"canonical\" href=\"https:\/\/setlementtijoensuu.fi\/en\/ikaihmiset\/ikaihmisten-vapaaehtoistoiminta\/\" \/>\n<meta property=\"og:locale\" content=\"en_US\" \/>\n<meta property=\"og:type\" content=\"article\" \/>\n<meta property=\"og:title\" content=\"Ik\u00e4ihmisten vapaaehtoistoiminta - Setlementti Joensuu\" \/>\n<meta property=\"og:description\" content=\"Vapaaehtoistoimintamme koostuu ryhm\u00e4vapaaehtoisista, jotka voivat tuottaa erilaisia sis\u00e4lt\u00f6j\u00e4 kohtaamispaikkoihimme tai pienryhmien vet\u00e4misest\u00e4.\" \/>\n<meta property=\"og:url\" content=\"https:\/\/setlementtijoensuu.fi\/en\/ikaihmiset\/ikaihmisten-vapaaehtoistoiminta\/\" \/>\n<meta property=\"og:site_name\" content=\"Setlementti Joensuu\" \/>\n<meta property=\"article:publisher\" content=\"https:\/\/www.facebook.com\/setlementtijoensuu.fi\" \/>\n<meta property=\"article:modified_time\" content=\"2026-01-16T12:19:08+00:00\" \/>\n<meta property=\"og:image\" content=\"https:\/\/setlementtijoensuu.fi\/wp-content\/uploads\/2023\/02\/joensuun-setlementti-1920.jpg\" \/>\n\t<meta property=\"og:image:width\" content=\"1920\" \/>\n\t<meta property=\"og:image:height\" content=\"870\" \/>\n\t<meta property=\"og:image:type\" content=\"image\/jpeg\" \/>\n<meta name=\"twitter:card\" content=\"summary_large_image\" \/>\n<meta name=\"twitter:label1\" content=\"Est. reading time\" \/>\n\t<meta name=\"twitter:data1\" content=\"2 minutes\" \/>\n<script type=\"application\/ld+json\" class=\"yoast-schema-graph\">{\"@context\":\"https:\/\/schema.org\",\"@graph\":[{\"@type\":\"WebPage\",\"@id\":\"https:\/\/setlementtijoensuu.fi\/ikaihmiset\/ikaihmisten-vapaaehtoistoiminta\",\"url\":\"https:\/\/setlementtijoensuu.fi\/ikaihmiset\/ikaihmisten-vapaaehtoistoiminta\",\"name\":\"Ik\u00e4ihmisten vapaaehtoistoiminta - Setlementti Joensuu\",\"isPartOf\":{\"@id\":\"https:\/\/setlementtijoensuu.fi\/#website\"},\"datePublished\":\"2023-03-09T08:59:44+00:00\",\"dateModified\":\"2026-01-16T12:19:08+00:00\",\"description\":\"Vapaaehtoistoimintamme koostuu ryhm\u00e4vapaaehtoisista, jotka voivat tuottaa erilaisia sis\u00e4lt\u00f6j\u00e4 kohtaamispaikkoihimme tai pienryhmien vet\u00e4misest\u00e4.\",\"breadcrumb\":{\"@id\":\"https:\/\/setlementtijoensuu.fi\/ikaihmiset\/ikaihmisten-vapaaehtoistoiminta#breadcrumb\"},\"inLanguage\":\"en-US\",\"potentialAction\":[{\"@type\":\"ReadAction\",\"target\":[\"https:\/\/setlementtijoensuu.fi\/ikaihmiset\/ikaihmisten-vapaaehtoistoiminta\"]}]},{\"@type\":\"BreadcrumbList\",\"@id\":\"https:\/\/setlementtijoensuu.fi\/ikaihmiset\/ikaihmisten-vapaaehtoistoiminta#breadcrumb\",\"itemListElement\":[{\"@type\":\"ListItem\",\"position\":1,\"name\":\"Etusivu\",\"item\":\"https:\/\/setlementtijoensuu.fi\/\"},{\"@type\":\"ListItem\",\"position\":2,\"name\":\"Ik\u00e4ihmiset\",\"item\":\"https:\/\/setlementtijoensuu.fi\/ikaihmiset\"},{\"@type\":\"ListItem\",\"position\":3,\"name\":\"Ik\u00e4ihmisten vapaaehtoistoiminta\"}]},{\"@type\":\"WebSite\",\"@id\":\"https:\/\/setlementtijoensuu.fi\/#website\",\"url\":\"https:\/\/setlementtijoensuu.fi\/\",\"name\":\"Setlementti Joensuu\",\"description\":\"Rohkeasti ihmisen puolella\",\"publisher\":{\"@id\":\"https:\/\/setlementtijoensuu.fi\/#organization\"},\"alternateName\":\"Joensuun Setlementti Ry\",\"potentialAction\":[{\"@type\":\"SearchAction\",\"target\":{\"@type\":\"EntryPoint\",\"urlTemplate\":\"https:\/\/setlementtijoensuu.fi\/?s={search_term_string}\"},\"query-input\":{\"@type\":\"PropertyValueSpecification\",\"valueRequired\":true,\"valueName\":\"search_term_string\"}}],\"inLanguage\":\"en-US\"},{\"@type\":\"Organization\",\"@id\":\"https:\/\/setlementtijoensuu.fi\/#organization\",\"name\":\"Joensuun Setlementti ry\",\"alternateName\":\"Joensuun Setlementti\",\"url\":\"https:\/\/setlementtijoensuu.fi\/\",\"logo\":{\"@type\":\"ImageObject\",\"inLanguage\":\"en-US\",\"@id\":\"https:\/\/setlementtijoensuu.fi\/#\/schema\/logo\/image\/\",\"url\":\"https:\/\/setlementtijoensuu.fi\/wp-content\/uploads\/2023\/02\/logo-retina-1.png\",\"contentUrl\":\"https:\/\/setlementtijoensuu.fi\/wp-content\/uploads\/2023\/02\/logo-retina-1.png\",\"width\":200,\"height\":88,\"caption\":\"Joensuun Setlementti ry\"},\"image\":{\"@id\":\"https:\/\/setlementtijoensuu.fi\/#\/schema\/logo\/image\/\"},\"sameAs\":[\"https:\/\/www.facebook.com\/setlementtijoensuu.fi\",\"https:\/\/www.instagram.com\/joensuunsetlementti\/\"]}]}<\/script>\n<!-- \/ Yoast SEO plugin. -->","yoast_head_json":{"title":"Ik\u00e4ihmisten vapaaehtoistoiminta - Setlementti Joensuu","description":"Vapaaehtoistoimintamme koostuu ryhm\u00e4vapaaehtoisista, jotka voivat tuottaa erilaisia sis\u00e4lt\u00f6j\u00e4 kohtaamispaikkoihimme tai pienryhmien vet\u00e4misest\u00e4.","robots":{"index":"index","follow":"follow","max-snippet":"max-snippet:-1","max-image-preview":"max-image-preview:large","max-video-preview":"max-video-preview:-1"},"canonical":"https:\/\/setlementtijoensuu.fi\/en\/ikaihmiset\/ikaihmisten-vapaaehtoistoiminta\/","og_locale":"en_US","og_type":"article","og_title":"Ik\u00e4ihmisten vapaaehtoistoiminta - Setlementti Joensuu","og_description":"Vapaaehtoistoimintamme koostuu ryhm\u00e4vapaaehtoisista, jotka voivat tuottaa erilaisia sis\u00e4lt\u00f6j\u00e4 kohtaamispaikkoihimme tai pienryhmien vet\u00e4misest\u00e4.","og_url":"https:\/\/setlementtijoensuu.fi\/en\/ikaihmiset\/ikaihmisten-vapaaehtoistoiminta\/","og_site_name":"Setlementti Joensuu","article_publisher":"https:\/\/www.facebook.com\/setlementtijoensuu.fi","article_modified_time":"2026-01-16T12:19:08+00:00","og_image":[{"width":1920,"height":870,"url":"https:\/\/setlementtijoensuu.fi\/wp-content\/uploads\/2023\/02\/joensuun-setlementti-1920.jpg","type":"image\/jpeg"}],"twitter_card":"summary_large_image","twitter_misc":{"Est. reading time":"2 minutes"},"schema":{"@context":"https:\/\/schema.org","@graph":[{"@type":"WebPage","@id":"https:\/\/setlementtijoensuu.fi\/ikaihmiset\/ikaihmisten-vapaaehtoistoiminta","url":"https:\/\/setlementtijoensuu.fi\/ikaihmiset\/ikaihmisten-vapaaehtoistoiminta","name":"Ik\u00e4ihmisten vapaaehtoistoiminta - Setlementti Joensuu","isPartOf":{"@id":"https:\/\/setlementtijoensuu.fi\/#website"},"datePublished":"2023-03-09T08:59:44+00:00","dateModified":"2026-01-16T12:19:08+00:00","description":"Vapaaehtoistoimintamme koostuu ryhm\u00e4vapaaehtoisista, jotka voivat tuottaa erilaisia sis\u00e4lt\u00f6j\u00e4 kohtaamispaikkoihimme tai pienryhmien vet\u00e4misest\u00e4.","breadcrumb":{"@id":"https:\/\/setlementtijoensuu.fi\/ikaihmiset\/ikaihmisten-vapaaehtoistoiminta#breadcrumb"},"inLanguage":"en-US","potentialAction":[{"@type":"ReadAction","target":["https:\/\/setlementtijoensuu.fi\/ikaihmiset\/ikaihmisten-vapaaehtoistoiminta"]}]},{"@type":"BreadcrumbList","@id":"https:\/\/setlementtijoensuu.fi\/ikaihmiset\/ikaihmisten-vapaaehtoistoiminta#breadcrumb","itemListElement":[{"@type":"ListItem","position":1,"name":"Etusivu","item":"https:\/\/setlementtijoensuu.fi\/"},{"@type":"ListItem","position":2,"name":"Ik\u00e4ihmiset","item":"https:\/\/setlementtijoensuu.fi\/ikaihmiset"},{"@type":"ListItem","position":3,"name":"Ik\u00e4ihmisten vapaaehtoistoiminta"}]},{"@type":"WebSite","@id":"https:\/\/setlementtijoensuu.fi\/#website","url":"https:\/\/setlementtijoensuu.fi\/","name":"Setlementti Joensuu","description":"Rohkeasti ihmisen puolella","publisher":{"@id":"https:\/\/setlementtijoensuu.fi\/#organization"},"alternateName":"Joensuun Setlementti Ry","potentialAction":[{"@type":"SearchAction","target":{"@type":"EntryPoint","urlTemplate":"https:\/\/setlementtijoensuu.fi\/?s={search_term_string}"},"query-input":{"@type":"PropertyValueSpecification","valueRequired":true,"valueName":"search_term_string"}}],"inLanguage":"en-US"},{"@type":"Organization","@id":"https:\/\/setlementtijoensuu.fi\/#organization","name":"Joensuun Setlementti ry","alternateName":"Joensuun Setlementti","url":"https:\/\/setlementtijoensuu.fi\/","logo":{"@type":"ImageObject","inLanguage":"en-US","@id":"https:\/\/setlementtijoensuu.fi\/#\/schema\/logo\/image\/","url":"https:\/\/setlementtijoensuu.fi\/wp-content\/uploads\/2023\/02\/logo-retina-1.png","contentUrl":"https:\/\/setlementtijoensuu.fi\/wp-content\/uploads\/2023\/02\/logo-retina-1.png","width":200,"height":88,"caption":"Joensuun Setlementti ry"},"image":{"@id":"https:\/\/setlementtijoensuu.fi\/#\/schema\/logo\/image\/"},"sameAs":["https:\/\/www.facebook.com\/setlementtijoensuu.fi","https:\/\/www.instagram.com\/joensuunsetlementti\/"]}]}},"_links":{"self":[{"href":"https:\/\/setlementtijoensuu.fi\/en\/wp-json\/wp\/v2\/pages\/6245","targetHints":{"allow":["GET"]}}],"collection":[{"href":"https:\/\/setlementtijoensuu.fi\/en\/wp-json\/wp\/v2\/pages"}],"about":[{"href":"https:\/\/setlementtijoensuu.fi\/en\/wp-json\/wp\/v2\/types\/page"}],"author":[{"embeddable":true,"href":"https:\/\/setlementtijoensuu.fi\/en\/wp-json\/wp\/v2\/users\/2"}],"replies":[{"embeddable":true,"href":"https:\/\/setlementtijoensuu.fi\/en\/wp-json\/wp\/v2\/comments?post=6245"}],"version-history":[{"count":6,"href":"https:\/\/setlementtijoensuu.fi\/en\/wp-json\/wp\/v2\/pages\/6245\/revisions"}],"predecessor-version":[{"id":7478,"href":"https:\/\/setlementtijoensuu.fi\/en\/wp-json\/wp\/v2\/pages\/6245\/revisions\/7478"}],"up":[{"embeddable":true,"href":"https:\/\/setlementtijoensuu.fi\/en\/wp-json\/wp\/v2\/pages\/6089"}],"wp:attachment":[{"href":"https:\/\/setlementtijoensuu.fi\/en\/wp-json\/wp\/v2\/media?parent=6245"}],"curies":[{"name":"wp","href":"https:\/\/api.w.org\/{rel}","templated":true}]}}