{"id":6378,"date":"2023-03-10T14:57:52","date_gmt":"2023-03-10T12:57:52","guid":{"rendered":"https:\/\/setlementtijoensuu.fi\/?page_id=6378"},"modified":"2023-05-15T18:23:25","modified_gmt":"2023-05-15T15:23:25","slug":"esteettomyystiedot","status":"publish","type":"page","link":"https:\/\/setlementtijoensuu.fi\/en\/esteettomyystiedot","title":{"rendered":"Esteett\u00f6myystiedot"},"content":{"rendered":"<div id=\"fws_69f0e23b4bd09\"  data-column-margin=\"default\" data-midnight=\"dark\" data-top-percent=\"12%\" data-bottom-percent=\"12%\"  class=\"wpb_row vc_row-fluid vc_row full-width-section\"  style=\"padding-top: calc(100vw * 0.12); padding-bottom: calc(100vw * 0.12); \"><div class=\"row-bg-wrap\" data-bg-animation=\"none\" data-bg-animation-delay=\"\" data-bg-overlay=\"true\"><div class=\"inner-wrap row-bg-layer using-image\" ><div class=\"row-bg viewport-desktop using-image\"  style=\"background-image: url(https:\/\/setlementtijoensuu.fi\/wp-content\/uploads\/2023\/04\/esteettomyys_kuva1.jpg); background-position: center top; background-repeat: no-repeat; \"><\/div><\/div><div class=\"row-bg-overlay row-bg-layer\" style=\"background: #000000; background: linear-gradient(90deg,#000000 10%,rgba(255,255,255,0.001) 75%);  opacity: 0.3; background: #000000; background: linear-gradient(90deg,#000000 0%,rgba(255,255,255,0.001) 100%);  opacity: 0.3; \"><\/div><\/div><div class=\"row_col_wrap_12 col span_12 dark left\">\n\t<div  class=\"vc_col-sm-12 wpb_column column_container vc_column_container col no-extra-padding inherit_tablet inherit_phone\"  data-padding-pos=\"all\" data-has-bg-color=\"false\" data-bg-color=\"\" data-bg-opacity=\"1\" data-animation=\"\" data-delay=\"0\" >\n\t\t<div class=\"vc_column-inner\" >\n\t\t\t<div class=\"wpb_wrapper\">\n\t\t\t\t<h1 style=\"font-size: 8vh;color: #ffffff;line-height: 1.1;text-align: left\" class=\"vc_custom_heading vc_do_custom_heading\" >Esteett\u00f6myystiedot<\/h1>\n\t\t\t<\/div> \n\t\t<\/div>\n\t<\/div> \n<\/div><\/div>\n\t\t<div id=\"fws_69f0e23b4bef9\"  data-column-margin=\"70px\" data-midnight=\"dark\" data-top-percent=\"4%\" data-bottom-percent=\"2%\"  class=\"wpb_row vc_row-fluid vc_row vc_row-o-equal-height vc_row-flex vc_row-o-content-middle\"  style=\"padding-top: calc(100vw * 0.04); padding-bottom: calc(100vw * 0.02); \"><div class=\"row-bg-wrap\" data-bg-animation=\"none\" data-bg-animation-delay=\"\" data-bg-overlay=\"false\"><div class=\"inner-wrap row-bg-layer\" ><div class=\"row-bg viewport-desktop\"  style=\"\"><\/div><\/div><\/div><div class=\"row_col_wrap_12 col span_12 dark left\">\n\t<div  class=\"vc_col-sm-6 wpb_column column_container vc_column_container col no-extra-padding inherit_tablet inherit_phone\"  data-padding-pos=\"all\" data-has-bg-color=\"false\" data-bg-color=\"\" data-bg-opacity=\"1\" data-animation=\"\" data-delay=\"0\" >\n\t\t<div class=\"vc_column-inner\" >\n\t\t\t<div class=\"wpb_wrapper\">\n\t\t\t\t<h2 style=\"text-align: left;font-family:Abril Fatface;font-weight:400;font-style:normal\" class=\"vc_custom_heading vc_do_custom_heading\" >Esteett\u00f6myystiedot<\/h2><div class=\"divider-wrap\" data-alignment=\"default\"><div style=\"height: 25px;\" class=\"divider\"><\/div><\/div>\n<div class=\"wpb_text_column wpb_content_element\" >\n\t<div class=\"wpb_wrapper\">\n\t\t<ul>\n<li><span style=\"font-weight: 400;\">Joensuun Setlementin toimitilat osoitteessa Siltakatu 10 A 13 ovat osittain esteett\u00f6m\u00e4t.\u00a0<\/span><\/li>\n<li><span style=\"font-weight: 400;\">Tiloihin on esteet\u00f6n kulku Siltakadun puolelta. Ovi l\u00f6ytyy Uuden Apteekin ja Burger King -pikaruokaravintolan v\u00e4list\u00e4. Sis\u00e4eteisess\u00e4 on luiska, joka johtaa hissille. Luiska voi olla liian jyrkk\u00e4 itsen\u00e4iseen k\u00e4ytt\u00f6\u00f6n.\u00a0<\/span><\/li>\n<li><span style=\"font-weight: 400;\">Hissiin mahtuu yksi py\u00f6r\u00e4llinen apuv\u00e4line k\u00e4ytt\u00e4j\u00e4n kanssa kerrallaan. Hissin luota on alle 1,5 metrin kulku toimitilojemme ovelle 5. kerroksessa.\u00a0<\/span><\/li>\n<li><span style=\"font-weight: 400;\">Toimitiloissamme on kaksi WC-tilaa, joista kumpikaan ei ole t\u00e4ysin esteet\u00f6n.\u00a0<\/span><\/li>\n<li><span style=\"font-weight: 400;\">Huoneiden oviaukoissa on kynnykset, jotka ovat kuitenkin alle 25 mm korkeita, joten niiden yli p\u00e4\u00e4see py\u00f6r\u00e4llisill\u00e4 apuv\u00e4lineill\u00e4.<\/span><\/li>\n<li><span style=\"font-weight: 400;\">Toimitilojen k\u00e4yt\u00e4v\u00e4t ovat tarpeeksi leve\u00e4t py\u00f6r\u00e4llisill\u00e4 apuv\u00e4lineill\u00e4 liikkumiseen.<\/span><\/li>\n<li><span style=\"font-weight: 400;\">Toimitiloissa on my\u00f6s tukikuvia auttamassa tilojen hahmottamista ja niiss\u00e4 liikkumista.<\/span><\/li>\n<li><span style=\"font-weight: 400;\">Lis\u00e4tietoja toimitilojemme esteett\u00f6myydest\u00e4 antaa toiminnanjohtaja Henna Karhap\u00e4\u00e4 (puh. 045 148 3887, <\/span><a href=\"mailto:henna.karhapaa@setlementtijoensuu.fi\"><span style=\"font-weight: 400;\">henna.karhapaa@setlementtijoensuu.fi<\/span><\/a><span style=\"font-weight: 400;\">) <\/span><\/li>\n<\/ul>\n\t<\/div>\n<\/div>\n\n\n\n\n\t\t\t<\/div> \n\t\t<\/div>\n\t<\/div> \n\n\t<div  class=\"vc_col-sm-6 wpb_column column_container vc_column_container col no-extra-padding inherit_tablet inherit_phone\"  data-padding-pos=\"all\" data-has-bg-color=\"false\" data-bg-color=\"\" data-bg-opacity=\"1\" data-animation=\"\" data-delay=\"0\" >\n\t\t<div class=\"vc_column-inner\" >\n\t\t\t<div class=\"wpb_wrapper\">\n\t\t\t\t<div class=\"img-with-aniamtion-wrap\" data-max-width=\"100%\" data-max-width-mobile=\"default\" data-shadow=\"none\" data-animation=\"none\" >\n      <div class=\"inner\">\n        <div class=\"hover-wrap\"> \n          <div class=\"hover-wrap-inner\">\n            <img loading=\"lazy\" decoding=\"async\" class=\"img-with-animation skip-lazy\" data-delay=\"0\" height=\"1080\" width=\"1920\" data-animation=\"none\" src=\"https:\/\/setlementtijoensuu.fi\/wp-content\/uploads\/2023\/04\/esteettomyys_kuva1.jpg\" alt=\"\" srcset=\"https:\/\/setlementtijoensuu.fi\/wp-content\/uploads\/2023\/04\/esteettomyys_kuva1.jpg 1920w, https:\/\/setlementtijoensuu.fi\/wp-content\/uploads\/2023\/04\/esteettomyys_kuva1-1536x864.jpg 1536w, https:\/\/setlementtijoensuu.fi\/wp-content\/uploads\/2023\/04\/esteettomyys_kuva1-300x169.jpg 300w, https:\/\/setlementtijoensuu.fi\/wp-content\/uploads\/2023\/04\/esteettomyys_kuva1-768x432.jpg 768w, https:\/\/setlementtijoensuu.fi\/wp-content\/uploads\/2023\/04\/esteettomyys_kuva1-1024x576.jpg 1024w\" sizes=\"auto, (max-width: 1920px) 100vw, 1920px\" \/>\n          <\/div>\n        <\/div>\n      <\/div>\n    <\/div>\n\t\t\t<\/div> \n\t\t<\/div>\n\t<\/div> \n<\/div><\/div>","protected":false},"excerpt":{"rendered":"Esteett\u00f6myystiedot Esteett\u00f6myystiedot Joensuun Setlementin toimitilat osoitteessa Siltakatu 10 A 13 ovat osittain...","protected":false},"author":2,"featured_media":0,"parent":0,"menu_order":0,"comment_status":"closed","ping_status":"closed","template":"","meta":{"footnotes":""},"class_list":["post-6378","page","type-page","status-publish"],"yoast_head":"<!-- This site is optimized with the Yoast SEO plugin v24.5 - https:\/\/yoast.com\/wordpress\/plugins\/seo\/ -->\n<title>Esteett\u00f6myystiedot - Setlementti Joensuu<\/title>\n<meta name=\"description\" content=\"Joensuun Setlementin toimitilat osoitteessa Siltakatu 10 A 13 ovat osittain esteett\u00f6m\u00e4t.\u00a0Ota yhteytt\u00e4 ja kysy lis\u00e4\u00e4.\" \/>\n<meta name=\"robots\" content=\"index, follow, max-snippet:-1, max-image-preview:large, max-video-preview:-1\" \/>\n<link rel=\"canonical\" href=\"https:\/\/setlementtijoensuu.fi\/en\/esteettomyystiedot\/\" \/>\n<meta property=\"og:locale\" content=\"en_US\" \/>\n<meta property=\"og:type\" content=\"article\" \/>\n<meta property=\"og:title\" content=\"Esteett\u00f6myystiedot - Setlementti Joensuu\" \/>\n<meta property=\"og:description\" content=\"Joensuun Setlementin toimitilat osoitteessa Siltakatu 10 A 13 ovat osittain esteett\u00f6m\u00e4t.\u00a0Ota yhteytt\u00e4 ja kysy lis\u00e4\u00e4.\" \/>\n<meta property=\"og:url\" content=\"https:\/\/setlementtijoensuu.fi\/en\/esteettomyystiedot\/\" \/>\n<meta property=\"og:site_name\" content=\"Setlementti Joensuu\" \/>\n<meta property=\"article:publisher\" content=\"https:\/\/www.facebook.com\/setlementtijoensuu.fi\" \/>\n<meta property=\"article:modified_time\" content=\"2023-05-15T15:23:25+00:00\" \/>\n<meta property=\"og:image\" content=\"https:\/\/setlementtijoensuu.fi\/wp-content\/uploads\/2023\/02\/joensuun-setlementti-1920.jpg\" \/>\n\t<meta property=\"og:image:width\" content=\"1920\" \/>\n\t<meta property=\"og:image:height\" content=\"870\" \/>\n\t<meta property=\"og:image:type\" content=\"image\/jpeg\" \/>\n<meta name=\"twitter:card\" content=\"summary_large_image\" \/>\n<meta name=\"twitter:label1\" content=\"Est. reading time\" \/>\n\t<meta name=\"twitter:data1\" content=\"2 minutes\" \/>\n<script type=\"application\/ld+json\" class=\"yoast-schema-graph\">{\"@context\":\"https:\/\/schema.org\",\"@graph\":[{\"@type\":\"WebPage\",\"@id\":\"https:\/\/setlementtijoensuu.fi\/esteettomyystiedot\",\"url\":\"https:\/\/setlementtijoensuu.fi\/esteettomyystiedot\",\"name\":\"Esteett\u00f6myystiedot - Setlementti Joensuu\",\"isPartOf\":{\"@id\":\"https:\/\/setlementtijoensuu.fi\/#website\"},\"datePublished\":\"2023-03-10T12:57:52+00:00\",\"dateModified\":\"2023-05-15T15:23:25+00:00\",\"description\":\"Joensuun Setlementin toimitilat osoitteessa Siltakatu 10 A 13 ovat osittain esteett\u00f6m\u00e4t.\u00a0Ota yhteytt\u00e4 ja kysy lis\u00e4\u00e4.\",\"breadcrumb\":{\"@id\":\"https:\/\/setlementtijoensuu.fi\/esteettomyystiedot#breadcrumb\"},\"inLanguage\":\"en-US\",\"potentialAction\":[{\"@type\":\"ReadAction\",\"target\":[\"https:\/\/setlementtijoensuu.fi\/esteettomyystiedot\"]}]},{\"@type\":\"BreadcrumbList\",\"@id\":\"https:\/\/setlementtijoensuu.fi\/esteettomyystiedot#breadcrumb\",\"itemListElement\":[{\"@type\":\"ListItem\",\"position\":1,\"name\":\"Etusivu\",\"item\":\"https:\/\/setlementtijoensuu.fi\/\"},{\"@type\":\"ListItem\",\"position\":2,\"name\":\"Esteett\u00f6myystiedot\"}]},{\"@type\":\"WebSite\",\"@id\":\"https:\/\/setlementtijoensuu.fi\/#website\",\"url\":\"https:\/\/setlementtijoensuu.fi\/\",\"name\":\"Setlementti Joensuu\",\"description\":\"Rohkeasti ihmisen puolella\",\"publisher\":{\"@id\":\"https:\/\/setlementtijoensuu.fi\/#organization\"},\"alternateName\":\"Joensuun Setlementti Ry\",\"potentialAction\":[{\"@type\":\"SearchAction\",\"target\":{\"@type\":\"EntryPoint\",\"urlTemplate\":\"https:\/\/setlementtijoensuu.fi\/?s={search_term_string}\"},\"query-input\":{\"@type\":\"PropertyValueSpecification\",\"valueRequired\":true,\"valueName\":\"search_term_string\"}}],\"inLanguage\":\"en-US\"},{\"@type\":\"Organization\",\"@id\":\"https:\/\/setlementtijoensuu.fi\/#organization\",\"name\":\"Joensuun Setlementti ry\",\"alternateName\":\"Joensuun Setlementti\",\"url\":\"https:\/\/setlementtijoensuu.fi\/\",\"logo\":{\"@type\":\"ImageObject\",\"inLanguage\":\"en-US\",\"@id\":\"https:\/\/setlementtijoensuu.fi\/#\/schema\/logo\/image\/\",\"url\":\"https:\/\/setlementtijoensuu.fi\/wp-content\/uploads\/2023\/02\/logo-retina-1.png\",\"contentUrl\":\"https:\/\/setlementtijoensuu.fi\/wp-content\/uploads\/2023\/02\/logo-retina-1.png\",\"width\":200,\"height\":88,\"caption\":\"Joensuun Setlementti ry\"},\"image\":{\"@id\":\"https:\/\/setlementtijoensuu.fi\/#\/schema\/logo\/image\/\"},\"sameAs\":[\"https:\/\/www.facebook.com\/setlementtijoensuu.fi\",\"https:\/\/www.instagram.com\/joensuunsetlementti\/\"]}]}<\/script>\n<!-- \/ Yoast SEO plugin. -->","yoast_head_json":{"title":"Esteett\u00f6myystiedot - Setlementti Joensuu","description":"Joensuun Setlementin toimitilat osoitteessa Siltakatu 10 A 13 ovat osittain esteett\u00f6m\u00e4t.\u00a0Ota yhteytt\u00e4 ja kysy lis\u00e4\u00e4.","robots":{"index":"index","follow":"follow","max-snippet":"max-snippet:-1","max-image-preview":"max-image-preview:large","max-video-preview":"max-video-preview:-1"},"canonical":"https:\/\/setlementtijoensuu.fi\/en\/esteettomyystiedot\/","og_locale":"en_US","og_type":"article","og_title":"Esteett\u00f6myystiedot - Setlementti Joensuu","og_description":"Joensuun Setlementin toimitilat osoitteessa Siltakatu 10 A 13 ovat osittain esteett\u00f6m\u00e4t.\u00a0Ota yhteytt\u00e4 ja kysy lis\u00e4\u00e4.","og_url":"https:\/\/setlementtijoensuu.fi\/en\/esteettomyystiedot\/","og_site_name":"Setlementti Joensuu","article_publisher":"https:\/\/www.facebook.com\/setlementtijoensuu.fi","article_modified_time":"2023-05-15T15:23:25+00:00","og_image":[{"width":1920,"height":870,"url":"https:\/\/setlementtijoensuu.fi\/wp-content\/uploads\/2023\/02\/joensuun-setlementti-1920.jpg","type":"image\/jpeg"}],"twitter_card":"summary_large_image","twitter_misc":{"Est. reading time":"2 minutes"},"schema":{"@context":"https:\/\/schema.org","@graph":[{"@type":"WebPage","@id":"https:\/\/setlementtijoensuu.fi\/esteettomyystiedot","url":"https:\/\/setlementtijoensuu.fi\/esteettomyystiedot","name":"Esteett\u00f6myystiedot - Setlementti Joensuu","isPartOf":{"@id":"https:\/\/setlementtijoensuu.fi\/#website"},"datePublished":"2023-03-10T12:57:52+00:00","dateModified":"2023-05-15T15:23:25+00:00","description":"Joensuun Setlementin toimitilat osoitteessa Siltakatu 10 A 13 ovat osittain esteett\u00f6m\u00e4t.\u00a0Ota yhteytt\u00e4 ja kysy lis\u00e4\u00e4.","breadcrumb":{"@id":"https:\/\/setlementtijoensuu.fi\/esteettomyystiedot#breadcrumb"},"inLanguage":"en-US","potentialAction":[{"@type":"ReadAction","target":["https:\/\/setlementtijoensuu.fi\/esteettomyystiedot"]}]},{"@type":"BreadcrumbList","@id":"https:\/\/setlementtijoensuu.fi\/esteettomyystiedot#breadcrumb","itemListElement":[{"@type":"ListItem","position":1,"name":"Etusivu","item":"https:\/\/setlementtijoensuu.fi\/"},{"@type":"ListItem","position":2,"name":"Esteett\u00f6myystiedot"}]},{"@type":"WebSite","@id":"https:\/\/setlementtijoensuu.fi\/#website","url":"https:\/\/setlementtijoensuu.fi\/","name":"Setlementti Joensuu","description":"Rohkeasti ihmisen puolella","publisher":{"@id":"https:\/\/setlementtijoensuu.fi\/#organization"},"alternateName":"Joensuun Setlementti Ry","potentialAction":[{"@type":"SearchAction","target":{"@type":"EntryPoint","urlTemplate":"https:\/\/setlementtijoensuu.fi\/?s={search_term_string}"},"query-input":{"@type":"PropertyValueSpecification","valueRequired":true,"valueName":"search_term_string"}}],"inLanguage":"en-US"},{"@type":"Organization","@id":"https:\/\/setlementtijoensuu.fi\/#organization","name":"Joensuun Setlementti ry","alternateName":"Joensuun Setlementti","url":"https:\/\/setlementtijoensuu.fi\/","logo":{"@type":"ImageObject","inLanguage":"en-US","@id":"https:\/\/setlementtijoensuu.fi\/#\/schema\/logo\/image\/","url":"https:\/\/setlementtijoensuu.fi\/wp-content\/uploads\/2023\/02\/logo-retina-1.png","contentUrl":"https:\/\/setlementtijoensuu.fi\/wp-content\/uploads\/2023\/02\/logo-retina-1.png","width":200,"height":88,"caption":"Joensuun Setlementti ry"},"image":{"@id":"https:\/\/setlementtijoensuu.fi\/#\/schema\/logo\/image\/"},"sameAs":["https:\/\/www.facebook.com\/setlementtijoensuu.fi","https:\/\/www.instagram.com\/joensuunsetlementti\/"]}]}},"_links":{"self":[{"href":"https:\/\/setlementtijoensuu.fi\/en\/wp-json\/wp\/v2\/pages\/6378","targetHints":{"allow":["GET"]}}],"collection":[{"href":"https:\/\/setlementtijoensuu.fi\/en\/wp-json\/wp\/v2\/pages"}],"about":[{"href":"https:\/\/setlementtijoensuu.fi\/en\/wp-json\/wp\/v2\/types\/page"}],"author":[{"embeddable":true,"href":"https:\/\/setlementtijoensuu.fi\/en\/wp-json\/wp\/v2\/users\/2"}],"replies":[{"embeddable":true,"href":"https:\/\/setlementtijoensuu.fi\/en\/wp-json\/wp\/v2\/comments?post=6378"}],"version-history":[{"count":5,"href":"https:\/\/setlementtijoensuu.fi\/en\/wp-json\/wp\/v2\/pages\/6378\/revisions"}],"predecessor-version":[{"id":6579,"href":"https:\/\/setlementtijoensuu.fi\/en\/wp-json\/wp\/v2\/pages\/6378\/revisions\/6579"}],"wp:attachment":[{"href":"https:\/\/setlementtijoensuu.fi\/en\/wp-json\/wp\/v2\/media?parent=6378"}],"curies":[{"name":"wp","href":"https:\/\/api.w.org\/{rel}","templated":true}]}}