{"id":6952,"date":"2024-05-02T16:22:29","date_gmt":"2024-05-02T13:22:29","guid":{"rendered":"https:\/\/setlementtijoensuu.fi\/?page_id=6952"},"modified":"2024-05-02T16:22:29","modified_gmt":"2024-05-02T13:22:29","slug":"joensuun-setlementti-selkosuomeksi","status":"publish","type":"page","link":"https:\/\/setlementtijoensuu.fi\/en\/joensuun-setlementti-selkosuomeksi","title":{"rendered":"Joensuun Setlementti selkosuomeksi"},"content":{"rendered":"<h2>Mik\u00e4 on Joensuun Setlementti?<\/h2>\n<p>Joensuun Setlementti on monialaj\u00e4rjest\u00f6, joka j\u00e4rjest\u00e4\u00e4 toimintaa Joensuussa ja sen l\u00e4hialueilla.<\/p>\n<p>Joensuun Setlementti j\u00e4rjest\u00e4\u00e4 toimintaa esimerkiksi:<\/p>\n<ul>\n<li>lapsille ja nuorille<\/li>\n<li>ik\u00e4ihmisille<\/li>\n<li>ty\u00f6tt\u00f6mille ja kuntoutustuen piiriss\u00e4 oleville henkil\u00f6ille<\/li>\n<li>lastensuojelun j\u00e4lkihuollon piiriss\u00e4 oleville nuorille ja sielt\u00e4 siirtyneille nuorille aikuisille<\/li>\n<li>maahanmuuttajille<\/li>\n<\/ul>\n<p>&nbsp;<\/p>\n<p>Joensuun Setlementti on uskonnollisesti ja poliittisesti sitoutumaton yhdistys.<\/p>\n<p>Yhdistys on voittoa tavoittelematon ja sen j\u00e4rjest\u00e4m\u00e4 toiminta on maksutonta k\u00e4vij\u00f6ille.<\/p>\n<p>&nbsp;<\/p>\n<p>Joensuun Setlementti sijaitsee Joensuun keskustassa osoitteessa Siltakatu 10 A 13.<\/p>\n<p>&nbsp;<\/p>\n<p>Toimitilamme ovat osittain esteett\u00f6m\u00e4t. Tiloihin on esteet\u00f6n kulku hissill\u00e4.<\/p>\n<p>Lis\u00e4\u00e4 tietoa tilojemme esteett\u00f6myydest\u00e4 l\u00f6ytyy yhdistyksen <a href=\"https:\/\/setlementtijoensuu.fi\/en\/esteettomyystiedot\/\">esteett\u00f6myystiedoista<\/a>.<\/p>\n<p>&nbsp;<\/p>\n<h3>Mik\u00e4 on Setlementti?<\/h3>\n<div>\n<p>Setlementti on yhdistys, joka kuuluu Suomen Setlementtiliittoon.<\/p>\n<p>Setlementit haluavat, ett\u00e4 kaikki voivat hyvin yhteiskunnassa. Siksi setlementit j\u00e4rjest\u00e4v\u00e4t monenlaista toimintaa, opettavat, tukevat ja auttavat ihmisi\u00e4. Kaikki voivat tulla mukaan setlementtien toimintaan.<\/p>\n<p>Setlementtej\u00e4 on Suomessa 32. Joensuun Setlementti on yksi Suomen setlementeist\u00e4.<\/p>\n<p>Setlementit tekev\u00e4t ty\u00f6t\u00e4 monissa eri paikoissa Suomessa ja ulkomailla.<\/p>\n<\/div>","protected":false},"excerpt":{"rendered":"<p>Mik\u00e4 on Joensuun Setlementti? Joensuun Setlementti on monialaj\u00e4rjest\u00f6, joka j\u00e4rjest\u00e4\u00e4 toimintaa Joensuussa&#8230;<\/p>","protected":false},"author":4,"featured_media":0,"parent":0,"menu_order":0,"comment_status":"closed","ping_status":"closed","template":"","meta":{"footnotes":""},"class_list":["post-6952","page","type-page","status-publish"],"yoast_head":"<!-- This site is optimized with the Yoast SEO plugin v24.5 - https:\/\/yoast.com\/wordpress\/plugins\/seo\/ -->\n<title>Joensuun Setlementti selkosuomeksi - Setlementti Joensuu<\/title>\n<meta name=\"robots\" content=\"index, follow, max-snippet:-1, max-image-preview:large, max-video-preview:-1\" \/>\n<link rel=\"canonical\" href=\"https:\/\/setlementtijoensuu.fi\/en\/joensuun-setlementti-selkosuomeksi\/\" \/>\n<meta property=\"og:locale\" content=\"en_US\" \/>\n<meta property=\"og:type\" content=\"article\" \/>\n<meta property=\"og:title\" content=\"Joensuun Setlementti selkosuomeksi - Setlementti Joensuu\" \/>\n<meta property=\"og:description\" content=\"Mik\u00e4 on Joensuun Setlementti? Joensuun Setlementti on monialaj\u00e4rjest\u00f6, joka j\u00e4rjest\u00e4\u00e4 toimintaa Joensuussa...\" \/>\n<meta property=\"og:url\" content=\"https:\/\/setlementtijoensuu.fi\/en\/joensuun-setlementti-selkosuomeksi\/\" \/>\n<meta property=\"og:site_name\" content=\"Setlementti Joensuu\" \/>\n<meta property=\"article:publisher\" content=\"https:\/\/www.facebook.com\/setlementtijoensuu.fi\" \/>\n<meta property=\"og:image\" content=\"https:\/\/setlementtijoensuu.fi\/wp-content\/uploads\/2023\/02\/joensuun-setlementti-1920.jpg\" \/>\n\t<meta property=\"og:image:width\" content=\"1920\" \/>\n\t<meta property=\"og:image:height\" content=\"870\" \/>\n\t<meta property=\"og:image:type\" content=\"image\/jpeg\" \/>\n<meta name=\"twitter:card\" content=\"summary_large_image\" \/>\n<meta name=\"twitter:label1\" content=\"Est. reading time\" \/>\n\t<meta name=\"twitter:data1\" content=\"1 minute\" \/>\n<script type=\"application\/ld+json\" class=\"yoast-schema-graph\">{\"@context\":\"https:\/\/schema.org\",\"@graph\":[{\"@type\":\"WebPage\",\"@id\":\"https:\/\/setlementtijoensuu.fi\/joensuun-setlementti-selkosuomeksi\",\"url\":\"https:\/\/setlementtijoensuu.fi\/joensuun-setlementti-selkosuomeksi\",\"name\":\"Joensuun Setlementti selkosuomeksi - Setlementti Joensuu\",\"isPartOf\":{\"@id\":\"https:\/\/setlementtijoensuu.fi\/#website\"},\"datePublished\":\"2024-05-02T13:22:29+00:00\",\"breadcrumb\":{\"@id\":\"https:\/\/setlementtijoensuu.fi\/joensuun-setlementti-selkosuomeksi#breadcrumb\"},\"inLanguage\":\"en-US\",\"potentialAction\":[{\"@type\":\"ReadAction\",\"target\":[\"https:\/\/setlementtijoensuu.fi\/joensuun-setlementti-selkosuomeksi\"]}]},{\"@type\":\"BreadcrumbList\",\"@id\":\"https:\/\/setlementtijoensuu.fi\/joensuun-setlementti-selkosuomeksi#breadcrumb\",\"itemListElement\":[{\"@type\":\"ListItem\",\"position\":1,\"name\":\"Etusivu\",\"item\":\"https:\/\/setlementtijoensuu.fi\/\"},{\"@type\":\"ListItem\",\"position\":2,\"name\":\"Joensuun Setlementti selkosuomeksi\"}]},{\"@type\":\"WebSite\",\"@id\":\"https:\/\/setlementtijoensuu.fi\/#website\",\"url\":\"https:\/\/setlementtijoensuu.fi\/\",\"name\":\"Setlementti Joensuu\",\"description\":\"Rohkeasti ihmisen puolella\",\"publisher\":{\"@id\":\"https:\/\/setlementtijoensuu.fi\/#organization\"},\"alternateName\":\"Joensuun Setlementti Ry\",\"potentialAction\":[{\"@type\":\"SearchAction\",\"target\":{\"@type\":\"EntryPoint\",\"urlTemplate\":\"https:\/\/setlementtijoensuu.fi\/?s={search_term_string}\"},\"query-input\":{\"@type\":\"PropertyValueSpecification\",\"valueRequired\":true,\"valueName\":\"search_term_string\"}}],\"inLanguage\":\"en-US\"},{\"@type\":\"Organization\",\"@id\":\"https:\/\/setlementtijoensuu.fi\/#organization\",\"name\":\"Joensuun Setlementti ry\",\"alternateName\":\"Joensuun Setlementti\",\"url\":\"https:\/\/setlementtijoensuu.fi\/\",\"logo\":{\"@type\":\"ImageObject\",\"inLanguage\":\"en-US\",\"@id\":\"https:\/\/setlementtijoensuu.fi\/#\/schema\/logo\/image\/\",\"url\":\"https:\/\/setlementtijoensuu.fi\/wp-content\/uploads\/2023\/02\/logo-retina-1.png\",\"contentUrl\":\"https:\/\/setlementtijoensuu.fi\/wp-content\/uploads\/2023\/02\/logo-retina-1.png\",\"width\":200,\"height\":88,\"caption\":\"Joensuun Setlementti ry\"},\"image\":{\"@id\":\"https:\/\/setlementtijoensuu.fi\/#\/schema\/logo\/image\/\"},\"sameAs\":[\"https:\/\/www.facebook.com\/setlementtijoensuu.fi\",\"https:\/\/www.instagram.com\/joensuunsetlementti\/\"]}]}<\/script>\n<!-- \/ Yoast SEO plugin. -->","yoast_head_json":{"title":"Joensuun Setlementti selkosuomeksi - Setlementti Joensuu","robots":{"index":"index","follow":"follow","max-snippet":"max-snippet:-1","max-image-preview":"max-image-preview:large","max-video-preview":"max-video-preview:-1"},"canonical":"https:\/\/setlementtijoensuu.fi\/en\/joensuun-setlementti-selkosuomeksi\/","og_locale":"en_US","og_type":"article","og_title":"Joensuun Setlementti selkosuomeksi - Setlementti Joensuu","og_description":"Mik\u00e4 on Joensuun Setlementti? Joensuun Setlementti on monialaj\u00e4rjest\u00f6, joka j\u00e4rjest\u00e4\u00e4 toimintaa Joensuussa...","og_url":"https:\/\/setlementtijoensuu.fi\/en\/joensuun-setlementti-selkosuomeksi\/","og_site_name":"Setlementti Joensuu","article_publisher":"https:\/\/www.facebook.com\/setlementtijoensuu.fi","og_image":[{"width":1920,"height":870,"url":"https:\/\/setlementtijoensuu.fi\/wp-content\/uploads\/2023\/02\/joensuun-setlementti-1920.jpg","type":"image\/jpeg"}],"twitter_card":"summary_large_image","twitter_misc":{"Est. reading time":"1 minute"},"schema":{"@context":"https:\/\/schema.org","@graph":[{"@type":"WebPage","@id":"https:\/\/setlementtijoensuu.fi\/joensuun-setlementti-selkosuomeksi","url":"https:\/\/setlementtijoensuu.fi\/joensuun-setlementti-selkosuomeksi","name":"Joensuun Setlementti selkosuomeksi - Setlementti Joensuu","isPartOf":{"@id":"https:\/\/setlementtijoensuu.fi\/#website"},"datePublished":"2024-05-02T13:22:29+00:00","breadcrumb":{"@id":"https:\/\/setlementtijoensuu.fi\/joensuun-setlementti-selkosuomeksi#breadcrumb"},"inLanguage":"en-US","potentialAction":[{"@type":"ReadAction","target":["https:\/\/setlementtijoensuu.fi\/joensuun-setlementti-selkosuomeksi"]}]},{"@type":"BreadcrumbList","@id":"https:\/\/setlementtijoensuu.fi\/joensuun-setlementti-selkosuomeksi#breadcrumb","itemListElement":[{"@type":"ListItem","position":1,"name":"Etusivu","item":"https:\/\/setlementtijoensuu.fi\/"},{"@type":"ListItem","position":2,"name":"Joensuun Setlementti selkosuomeksi"}]},{"@type":"WebSite","@id":"https:\/\/setlementtijoensuu.fi\/#website","url":"https:\/\/setlementtijoensuu.fi\/","name":"Setlementti Joensuu","description":"Rohkeasti ihmisen puolella","publisher":{"@id":"https:\/\/setlementtijoensuu.fi\/#organization"},"alternateName":"Joensuun Setlementti Ry","potentialAction":[{"@type":"SearchAction","target":{"@type":"EntryPoint","urlTemplate":"https:\/\/setlementtijoensuu.fi\/?s={search_term_string}"},"query-input":{"@type":"PropertyValueSpecification","valueRequired":true,"valueName":"search_term_string"}}],"inLanguage":"en-US"},{"@type":"Organization","@id":"https:\/\/setlementtijoensuu.fi\/#organization","name":"Joensuun Setlementti ry","alternateName":"Joensuun Setlementti","url":"https:\/\/setlementtijoensuu.fi\/","logo":{"@type":"ImageObject","inLanguage":"en-US","@id":"https:\/\/setlementtijoensuu.fi\/#\/schema\/logo\/image\/","url":"https:\/\/setlementtijoensuu.fi\/wp-content\/uploads\/2023\/02\/logo-retina-1.png","contentUrl":"https:\/\/setlementtijoensuu.fi\/wp-content\/uploads\/2023\/02\/logo-retina-1.png","width":200,"height":88,"caption":"Joensuun Setlementti ry"},"image":{"@id":"https:\/\/setlementtijoensuu.fi\/#\/schema\/logo\/image\/"},"sameAs":["https:\/\/www.facebook.com\/setlementtijoensuu.fi","https:\/\/www.instagram.com\/joensuunsetlementti\/"]}]}},"_links":{"self":[{"href":"https:\/\/setlementtijoensuu.fi\/en\/wp-json\/wp\/v2\/pages\/6952","targetHints":{"allow":["GET"]}}],"collection":[{"href":"https:\/\/setlementtijoensuu.fi\/en\/wp-json\/wp\/v2\/pages"}],"about":[{"href":"https:\/\/setlementtijoensuu.fi\/en\/wp-json\/wp\/v2\/types\/page"}],"author":[{"embeddable":true,"href":"https:\/\/setlementtijoensuu.fi\/en\/wp-json\/wp\/v2\/users\/4"}],"replies":[{"embeddable":true,"href":"https:\/\/setlementtijoensuu.fi\/en\/wp-json\/wp\/v2\/comments?post=6952"}],"version-history":[{"count":1,"href":"https:\/\/setlementtijoensuu.fi\/en\/wp-json\/wp\/v2\/pages\/6952\/revisions"}],"predecessor-version":[{"id":6953,"href":"https:\/\/setlementtijoensuu.fi\/en\/wp-json\/wp\/v2\/pages\/6952\/revisions\/6953"}],"wp:attachment":[{"href":"https:\/\/setlementtijoensuu.fi\/en\/wp-json\/wp\/v2\/media?parent=6952"}],"curies":[{"name":"wp","href":"https:\/\/api.w.org\/{rel}","templated":true}]}}