{"id":7507,"date":"2026-03-10T12:18:30","date_gmt":"2026-03-10T10:18:30","guid":{"rendered":"https:\/\/setlementtijoensuu.fi\/?page_id=7507"},"modified":"2026-04-24T09:55:01","modified_gmt":"2026-04-24T06:55:01","slug":"mukana","status":"publish","type":"page","link":"https:\/\/setlementtijoensuu.fi\/en\/mukana","title":{"rendered":"Mukana"},"content":{"rendered":"<div id=\"fws_69f0d2c6145f3\"  data-column-margin=\"default\" data-midnight=\"dark\"  class=\"wpb_row vc_row-fluid vc_row\"  style=\"padding-top: 0px; padding-bottom: 0px; \"><div class=\"row-bg-wrap\" data-bg-animation=\"none\" data-bg-animation-delay=\"\" data-bg-overlay=\"false\"><div class=\"inner-wrap row-bg-layer\" ><div class=\"row-bg viewport-desktop\"  style=\"\"><\/div><\/div><\/div><div class=\"row_col_wrap_12 col span_12 dark left\">\n\t<div  class=\"vc_col-sm-12 wpb_column column_container vc_column_container col no-extra-padding inherit_tablet inherit_phone\"  data-padding-pos=\"all\" data-has-bg-color=\"false\" data-bg-color=\"\" data-bg-opacity=\"1\" data-animation=\"\" data-delay=\"0\" >\n\t\t<div class=\"vc_column-inner\" >\n\t\t\t<div class=\"wpb_wrapper\">\n\t\t\t\t<div class=\"img-with-aniamtion-wrap center\" data-max-width=\"100%\" data-max-width-mobile=\"default\" data-shadow=\"none\" data-animation=\"none\" >\n      <div class=\"inner\">\n        <div class=\"hover-wrap\"> \n          <div class=\"hover-wrap-inner\">\n            <img loading=\"lazy\" decoding=\"async\" class=\"img-with-animation skip-lazy\" data-delay=\"0\" height=\"494\" width=\"1277\" data-animation=\"none\" src=\"https:\/\/setlementtijoensuu.fi\/wp-content\/uploads\/2026\/02\/Mukana-299.png\" alt=\"\" srcset=\"https:\/\/setlementtijoensuu.fi\/wp-content\/uploads\/2026\/02\/Mukana-299.png 1277w, https:\/\/setlementtijoensuu.fi\/wp-content\/uploads\/2026\/02\/Mukana-299-18x7.png 18w, https:\/\/setlementtijoensuu.fi\/wp-content\/uploads\/2026\/02\/Mukana-299-300x116.png 300w, https:\/\/setlementtijoensuu.fi\/wp-content\/uploads\/2026\/02\/Mukana-299-768x297.png 768w, https:\/\/setlementtijoensuu.fi\/wp-content\/uploads\/2026\/02\/Mukana-299-1024x396.png 1024w\" sizes=\"auto, (max-width: 1277px) 100vw, 1277px\" \/>\n          <\/div>\n        <\/div>\n      <\/div>\n    <\/div>\n\t\t\t<\/div> \n\t\t<\/div>\n\t<\/div> \n<\/div><\/div>\n\t\t<div id=\"fws_69f0d2c614d88\"  data-column-margin=\"default\" data-midnight=\"dark\"  class=\"wpb_row vc_row-fluid vc_row\"  style=\"padding-top: 0px; padding-bottom: 0px; \"><div class=\"row-bg-wrap\" data-bg-animation=\"none\" data-bg-animation-delay=\"\" data-bg-overlay=\"false\"><div class=\"inner-wrap row-bg-layer\" ><div class=\"row-bg viewport-desktop\"  style=\"\"><\/div><\/div><\/div><div class=\"row_col_wrap_12 col span_12 dark left\">\n\t<div  class=\"vc_col-sm-12 wpb_column column_container vc_column_container col no-extra-padding inherit_tablet inherit_phone\"  data-padding-pos=\"all\" data-has-bg-color=\"false\" data-bg-color=\"\" data-bg-opacity=\"1\" data-animation=\"\" data-delay=\"0\" >\n\t\t<div class=\"vc_column-inner\" >\n\t\t\t<div class=\"wpb_wrapper\">\n\t\t\t\t\n<div class=\"wpb_text_column wpb_content_element\" >\n\t<div class=\"wpb_wrapper\">\n\t\t<p><strong>Mukana<\/strong>-hankkeessa tuetaan 40\u201365-vuotiaita, heikossa ty\u00f6markkina-asemassa olevia miehi\u00e4 vahvistamalla osallisuutta, hyvinvointia ja ty\u00f6el\u00e4m\u00e4valmiuksia Joensuussa ja Tohmaj\u00e4rvell\u00e4. <span style=\"font-weight: 400;\">Hankkeessa yhdistyv\u00e4t etsiv\u00e4 ja jalkautuva miesty\u00f6, yksil\u00f6llinen ohjaus sek\u00e4 yhteis\u00f6llinen toiminta. Tarkoituksena on tavoittaa kohderyhm\u00e4n miehi\u00e4 heid\u00e4n omissa arkiymp\u00e4rist\u00f6iss\u00e4\u00e4n ja madaltaa osallistumisen kynnyst\u00e4. Tukea tarjotaan henkil\u00f6kohtaisen ohjauksen ja ryhm\u00e4toiminnan muodossa. Hanke keskittyy ennaltaehk\u00e4isev\u00e4\u00e4n, yhteis\u00f6l\u00e4ht\u00f6iseen ja matalan kynnyksen toimintaan.<\/span><\/p>\n<p><span style=\"font-weight: 400;\">Hankkeessa rakennetaan yksil\u00f6llisi\u00e4 palvelupolkuja, jotka tukevat osallistujien ty\u00f6- ja toimintakyky\u00e4 ja ty\u00f6el\u00e4m\u00e4valmiuksia sek\u00e4 arjenhallintaa ja positiivista mielenterveytt\u00e4, v\u00e4hent\u00e4en heid\u00e4n psykososiaalista stressi\u00e4\u00e4n. Keskeist\u00e4 on osallistujien oman toimijuuden ja osallisuuden tunnistaminen ja vahvistaminen aktiivisen kuntalaisuuden tueksi. Lis\u00e4ksi hankkeessa kehitet\u00e4\u00e4n yhteisty\u00f6t\u00e4 alueen palveluntarjoajien kanssa ja viestit\u00e4\u00e4n palveluaukkojen tunnistamiseksi Joensuun ja Tohmaj\u00e4rven kuntien, ty\u00f6llisyysalueen sek\u00e4 hyvinvointialueen kanssa.<\/span><\/p>\n<p>&nbsp;<\/p>\n<p><strong>Kenelle?<\/strong><\/p>\n<ul>\n<li style=\"font-weight: 400;\" aria-level=\"1\"><span style=\"font-weight: 400;\">Kohderyhm\u00e4n\u00e4 40-65 vuotiaat miehet, jotka ovat:<\/span>\n<ul>\n<li style=\"font-weight: 400;\" aria-level=\"2\"><span style=\"font-weight: 400;\">Heikossa ty\u00f6markkina-asemassa<\/span><\/li>\n<li style=\"font-weight: 400;\" aria-level=\"2\"><span style=\"font-weight: 400;\">Sosiaalisesti syrj\u00e4ytymisvaarassa<\/span><\/li>\n<li style=\"font-weight: 400;\" aria-level=\"2\"><span style=\"font-weight: 400;\">Vailla toimijuuden ja osallisuuden kokemuksia<\/span><\/li>\n<li style=\"font-weight: 400;\" aria-level=\"2\"><span style=\"font-weight: 400;\">Kokevat psykososiaalista stressi\u00e4 tai sosiaalisen niukkuuden tunteita<\/span><\/li>\n<\/ul>\n<\/li>\n<\/ul>\n<p><strong>Miten?<\/strong><\/p>\n<ul>\n<li>Yksil\u00f6ohjaus: Oman tilanteen arviointi ohjaajan kanssa.<\/li>\n<li>Ryhm\u00e4t: <span style=\"font-weight: 400;\">Ryhm\u00e4toimintaa j\u00e4rjestet\u00e4\u00e4n s\u00e4\u00e4nn\u00f6llisesti 1-2 kertaa paikkakunnilla.\u00a0<\/span><\/li>\n<\/ul>\n<p><strong>Miss\u00e4?<\/strong><\/p>\n<ul>\n<li>Joensuun kaupunki ja maaseutualueet:\n<ul>\n<li>Noljakka<\/li>\n<li>Marjala<\/li>\n<li>Rantakyl\u00e4<\/li>\n<li>Utra<\/li>\n<li>Eno<\/li>\n<li>Uimaharju<\/li>\n<li>Kiihtelysvaara<\/li>\n<li>Tuupovaara<\/li>\n<\/ul>\n<\/li>\n<li>Tohmaj\u00e4rvi<\/li>\n<\/ul>\n<p><strong>Mukana-yhteisty\u00f6tahot:<\/strong><\/p>\n<ul>\n<li><span style=\"font-weight: 400;\">Pohjois-Karjalan ty\u00f6llisyysalue<\/span><\/li>\n<li><span style=\"font-weight: 400;\">Joensuun kaupunki<\/span><\/li>\n<li><span style=\"font-weight: 400;\">Tohmaj\u00e4rven kunta <\/span><\/li>\n<li>Pohjois-Karjalan hyvinvointialue<\/li>\n<\/ul>\n\t<\/div>\n<\/div>\n\n\n\n\n\t\t\t<\/div> \n\t\t<\/div>\n\t<\/div> \n<\/div><\/div>\n\t\t<div id=\"fws_69f0d2c615027\"  data-column-margin=\"default\" data-midnight=\"dark\"  class=\"wpb_row vc_row-fluid vc_row\"  style=\"padding-top: 0px; padding-bottom: 0px; \"><div class=\"row-bg-wrap\" data-bg-animation=\"none\" data-bg-animation-delay=\"\" data-bg-overlay=\"false\"><div class=\"inner-wrap row-bg-layer\" ><div class=\"row-bg viewport-desktop\"  style=\"\"><\/div><\/div><\/div><div class=\"row_col_wrap_12 col span_12 dark left\">\n\t<div  class=\"vc_col-sm-12 wpb_column column_container vc_column_container col no-extra-padding inherit_tablet inherit_phone\"  data-padding-pos=\"all\" data-has-bg-color=\"false\" data-bg-color=\"\" data-bg-opacity=\"1\" data-animation=\"\" data-delay=\"0\" >\n\t\t<div class=\"vc_column-inner\" >\n\t\t\t<div class=\"wpb_wrapper\">\n\t\t\t\t<div class=\"toggles\" data-br=\"none\" data-starting=\"default\" data-style=\"default\"><div class=\"toggle default\" data-inner-wrap=\"true\"><h3 class=\"toggle-title\"><a href=\"#\" role=\"button\" class=\"toggle-heading\"><i role=\"presentation\" class=\"fa fa-plus-circle\"><\/i>Etsiv\u00e4 ja jalkautuva miesty\u00f6<\/a><\/h3><div><div class=\"inner-toggle-wrap\">\n<div class=\"wpb_text_column wpb_content_element\" >\n\t<div class=\"wpb_wrapper\">\n\t\t<p><span style=\"font-weight: 400\">Miehet tavoitetaan siell\u00e4, miss\u00e4 he liikkuvat jalkautuvan miesty\u00f6n keinoin, esim. huoltoasemat, julkiset tilat ja kyl\u00e4yhteis\u00f6jen toiminnan kautta.<\/span><\/p>\n<p><span style=\"font-weight: 400\">Jalkautuva ty\u00f6 toteutetaan kaikilla yhdeks\u00e4ll\u00e4 kohdealueella. Hankkeen toiminnasta kiinnostuneet ohjataan yksil\u00f6ohjaukseen ja\/ tai ryhm\u00e4toimintaan, mik\u00e4 mahdollistaa tuen yksil\u00f6llisist\u00e4 tarpeista l\u00e4htien.<\/span><\/p>\n\t<\/div>\n<\/div>\n\n\n\n<\/div><\/div><\/div><div class=\"toggle default\" data-inner-wrap=\"true\"><h3 class=\"toggle-title\"><a href=\"#\" role=\"button\" class=\"toggle-heading\"><i role=\"presentation\" class=\"fa fa-plus-circle\"><\/i>Yksil\u00f6ohjaus<\/a><\/h3><div><div class=\"inner-toggle-wrap\">\n<div class=\"wpb_text_column wpb_content_element\" >\n\t<div class=\"wpb_wrapper\">\n\t\t<p><strong>Tarvitsetko tukea arkeen?<\/strong><\/p>\n<p>Yksil\u00f6ohjaus on matalan kynnyksen tukea, jossa yksil\u00f6ohjaaja toimii rinnalla kulkijana arjen haasteissa. <span style=\"font-weight: 400\">Tapaamiset toteutetaan ensisijaisesti kasvokkain, mutta mahdollisuuksien mukaan my\u00f6s et\u00e4n\u00e4.<\/span><\/p>\n<p>Ole yhteydess\u00e4 Jyriin tai Iidaan, niin sovitaan juuri sinulle sopivin tapa yksil\u00f6ohjaukselle.<\/p>\n<p>Jyri Hassinen:<\/p>\n<p>040 485 9888<\/p>\n<p>jyri.hassinen@setlementtijoensuu.fi<\/p>\n<p>&nbsp;<\/p>\n<p>Iida K\u00e4rkk\u00e4inen:<\/p>\n<p>045 163 3380<\/p>\n<p>iida.karkkainen@setlementtijoensuu.fi<\/p>\n\t<\/div>\n<\/div>\n\n\n\n<\/div><\/div><\/div><div class=\"toggle default\" data-inner-wrap=\"true\"><h3 class=\"toggle-title\"><a href=\"#\" role=\"button\" class=\"toggle-heading\"><i role=\"presentation\" class=\"fa fa-plus-circle\"><\/i>Ryhm\u00e4t<\/a><\/h3><div><div class=\"inner-toggle-wrap\">\n<div class=\"wpb_text_column wpb_content_element\" >\n\t<div class=\"wpb_wrapper\">\n\t\t<p><span style=\"font-weight: 400\">Ryhm\u00e4toimintaa j\u00e4rjestet\u00e4\u00e4n s\u00e4\u00e4nn\u00f6llisesti 1-2 kertaa ja toiminta keskitet\u00e4\u00e4n alueille, joissa kohderyhm\u00e4\u00e4 on saavutettavissa riitt\u00e4v\u00e4sti.<\/span><\/p>\n<ul>\n<li style=\"font-weight: 400\"><span style=\"font-weight: 400\">Sis\u00e4lt\u00f6in\u00e4 ryhmiss\u00e4 ovat esimerkiksi:<\/span>\n<ul>\n<li style=\"font-weight: 400\"><span style=\"font-weight: 400\">Arkiliikunta, kuten yhteiset k\u00e4velyt tai kevyet liikuntaharjoitukset<\/span><\/li>\n<li style=\"font-weight: 400\"><span style=\"font-weight: 400\">Toiminnalliset ty\u00f6pajat, kuten ruuanlaitto tai k\u00e4dentaidot<\/span><\/li>\n<li style=\"font-weight: 400\"><span style=\"font-weight: 400\">Retket ja pienimuotoiset tapahtumat<\/span><\/li>\n<li style=\"font-weight: 400\"><span style=\"font-weight: 400\">Yhteisty\u00f6ss\u00e4 toteutetut sis\u00e4ll\u00f6t<\/span><\/li>\n<\/ul>\n<\/li>\n<\/ul>\n\t<\/div>\n<\/div>\n\n\n\n<\/div><\/div><\/div><\/div>\n\n\n\n\n\n\n\n\n\n\n\n\n\n\n\n\n\n\n\n\n\t\t\t<\/div> \n\t\t<\/div>\n\t<\/div> \n<\/div><\/div>\n\t\t<div id=\"fws_69f0d2c615880\"  data-column-margin=\"default\" data-midnight=\"dark\"  class=\"wpb_row vc_row-fluid vc_row\"  style=\"padding-top: 0px; padding-bottom: 0px; \"><div class=\"row-bg-wrap\" data-bg-animation=\"none\" data-bg-animation-delay=\"\" data-bg-overlay=\"false\"><div class=\"inner-wrap row-bg-layer\" ><div class=\"row-bg viewport-desktop\"  style=\"\"><\/div><\/div><\/div><div class=\"row_col_wrap_12 col span_12 dark left\">\n\t<div  class=\"vc_col-sm-12 wpb_column column_container vc_column_container col no-extra-padding inherit_tablet inherit_phone\"  data-padding-pos=\"all\" data-has-bg-color=\"false\" data-bg-color=\"\" data-bg-opacity=\"1\" data-animation=\"\" data-delay=\"0\" >\n\t\t<div class=\"vc_column-inner\" >\n\t\t\t<div class=\"wpb_wrapper\">\n\t\t\t\t\n<div class=\"wpb_text_column wpb_content_element\" >\n\t<div class=\"wpb_wrapper\">\n\t\t<h2>Lis\u00e4\u00e4 tietoa hankkeesta:<\/h2>\n\t<\/div>\n<\/div>\n\n\n\n\n\t\t\t<\/div> \n\t\t<\/div>\n\t<\/div> \n<\/div><\/div>\n\t\t<div id=\"fws_69f0d2c61593b\"  data-column-margin=\"default\" data-midnight=\"dark\"  class=\"wpb_row vc_row-fluid vc_row\"  style=\"padding-top: 0px; padding-bottom: 0px; \"><div class=\"row-bg-wrap\" data-bg-animation=\"none\" data-bg-animation-delay=\"\" data-bg-overlay=\"false\"><div class=\"inner-wrap row-bg-layer\" ><div class=\"row-bg viewport-desktop\"  style=\"\"><\/div><\/div><\/div><div class=\"row_col_wrap_12 col span_12 dark left\">\n\t<div  class=\"vc_col-sm-6 wpb_column column_container vc_column_container col no-extra-padding inherit_tablet inherit_phone\"  data-padding-pos=\"all\" data-has-bg-color=\"false\" data-bg-color=\"\" data-bg-opacity=\"1\" data-animation=\"\" data-delay=\"0\" >\n\t\t<div class=\"vc_column-inner\" >\n\t\t\t<div class=\"wpb_wrapper\">\n\t\t\t\t<div class=\"img-with-aniamtion-wrap  custom-size\" data-max-width=\"100%\" data-max-width-mobile=\"default\" data-shadow=\"none\" data-animation=\"fade-in\" >\n      <div class=\"inner\">\n        <div class=\"hover-wrap\"> \n          <div class=\"hover-wrap-inner\">\n            <img loading=\"lazy\" decoding=\"async\" class=\"img-with-animation skip-lazy\" data-delay=\"0\" height=\"150\" width=\"150\" data-animation=\"fade-in\" src=\"https:\/\/setlementtijoensuu.fi\/wp-content\/uploads\/2026\/04\/Valmis-150x150.png\" alt=\"\" srcset=\"https:\/\/setlementtijoensuu.fi\/wp-content\/uploads\/2026\/04\/Valmis-150x150.png 150w, https:\/\/setlementtijoensuu.fi\/wp-content\/uploads\/2026\/04\/Valmis-140x140.png 140w, https:\/\/setlementtijoensuu.fi\/wp-content\/uploads\/2026\/04\/Valmis-100x100.png 100w, https:\/\/setlementtijoensuu.fi\/wp-content\/uploads\/2026\/04\/Valmis-500x500.png 500w, https:\/\/setlementtijoensuu.fi\/wp-content\/uploads\/2026\/04\/Valmis-350x350.png 350w, https:\/\/setlementtijoensuu.fi\/wp-content\/uploads\/2026\/04\/Valmis-1000x1000.png 1000w, https:\/\/setlementtijoensuu.fi\/wp-content\/uploads\/2026\/04\/Valmis-800x800.png 800w\" sizes=\"auto, (max-width: 150px) 100vw, 150px\" \/>\n          <\/div>\n        <\/div>\n      <\/div>\n    <\/div>\n<div class=\"wpb_text_column wpb_content_element\" >\n\t<div class=\"wpb_wrapper\">\n\t\t<p><strong>Jyri Hassinen<\/strong><br \/>\nMukana-hankkeen kehitt\u00e4j\u00e4<br \/>\njyri.hassinen@setlementtijoensuu.fi<br \/>\n040 485 9888<\/p>\n\t<\/div>\n<\/div>\n\n\n\n\n\t\t\t<\/div> \n\t\t<\/div>\n\t<\/div> \n\n\t<div  class=\"vc_col-sm-6 wpb_column column_container vc_column_container col no-extra-padding inherit_tablet inherit_phone\"  data-padding-pos=\"all\" data-has-bg-color=\"false\" data-bg-color=\"\" data-bg-opacity=\"1\" data-animation=\"\" data-delay=\"0\" >\n\t\t<div class=\"vc_column-inner\" >\n\t\t\t<div class=\"wpb_wrapper\">\n\t\t\t\t<div class=\"img-with-aniamtion-wrap  custom-size\" data-max-width=\"100%\" data-max-width-mobile=\"default\" data-shadow=\"none\" data-animation=\"none\" >\n      <div class=\"inner\">\n        <div class=\"hover-wrap\"> \n          <div class=\"hover-wrap-inner\">\n            <img loading=\"lazy\" decoding=\"async\" class=\"img-with-animation skip-lazy\" data-delay=\"0\" height=\"150\" width=\"150\" data-animation=\"none\" src=\"https:\/\/setlementtijoensuu.fi\/wp-content\/uploads\/2025\/01\/DSC_5599-2-150x150.jpg\" alt=\"\" srcset=\"https:\/\/setlementtijoensuu.fi\/wp-content\/uploads\/2025\/01\/DSC_5599-2-150x150.jpg 150w, https:\/\/setlementtijoensuu.fi\/wp-content\/uploads\/2025\/01\/DSC_5599-2-140x140.jpg 140w, https:\/\/setlementtijoensuu.fi\/wp-content\/uploads\/2025\/01\/DSC_5599-2-100x100.jpg 100w, https:\/\/setlementtijoensuu.fi\/wp-content\/uploads\/2025\/01\/DSC_5599-2-500x500.jpg 500w, https:\/\/setlementtijoensuu.fi\/wp-content\/uploads\/2025\/01\/DSC_5599-2-350x350.jpg 350w, https:\/\/setlementtijoensuu.fi\/wp-content\/uploads\/2025\/01\/DSC_5599-2-1000x1000.jpg 1000w, https:\/\/setlementtijoensuu.fi\/wp-content\/uploads\/2025\/01\/DSC_5599-2-800x800.jpg 800w\" sizes=\"auto, (max-width: 150px) 100vw, 150px\" \/>\n          <\/div>\n        <\/div>\n      <\/div>\n    <\/div>\n<div class=\"wpb_text_column wpb_content_element\" >\n\t<div class=\"wpb_wrapper\">\n\t\t<p><strong>Iida K\u00e4rkk\u00e4inen<\/strong><br \/>\nHankety\u00f6ntekij\u00e4<br \/>\niida.karkkainen@setlementtijoensuu.fi<br \/>\n045 163 3380<\/p>\n\t<\/div>\n<\/div>\n\n\n\n\n\t\t\t<\/div> \n\t\t<\/div>\n\t<\/div> \n<\/div><\/div>\n\t\t<div id=\"fws_69f0d2c617268\"  data-column-margin=\"default\" data-midnight=\"dark\"  class=\"wpb_row vc_row-fluid vc_row\"  style=\"padding-top: 0px; padding-bottom: 0px; \"><div class=\"row-bg-wrap\" data-bg-animation=\"none\" data-bg-animation-delay=\"\" data-bg-overlay=\"false\"><div class=\"inner-wrap row-bg-layer\" ><div class=\"row-bg viewport-desktop\"  style=\"\"><\/div><\/div><\/div><div class=\"row_col_wrap_12 col span_12 dark left\">\n\t<div  class=\"vc_col-sm-12 wpb_column column_container vc_column_container col no-extra-padding inherit_tablet inherit_phone\"  data-padding-pos=\"all\" data-has-bg-color=\"false\" data-bg-color=\"\" data-bg-opacity=\"1\" data-animation=\"\" data-delay=\"0\" >\n\t\t<div class=\"vc_column-inner\" >\n\t\t\t<div class=\"wpb_wrapper\">\n\t\t\t\t\n\t\t\t<\/div> \n\t\t<\/div>\n\t<\/div> \n<\/div><\/div>\n\t\t<div id=\"fws_69f0d2c617369\"  data-column-margin=\"default\" data-midnight=\"dark\"  class=\"wpb_row vc_row-fluid vc_row\"  style=\"padding-top: 0px; padding-bottom: 0px; \"><div class=\"row-bg-wrap\" data-bg-animation=\"none\" data-bg-animation-delay=\"\" data-bg-overlay=\"false\"><div class=\"inner-wrap row-bg-layer\" ><div class=\"row-bg viewport-desktop\"  style=\"\"><\/div><\/div><\/div><div class=\"row_col_wrap_12 col span_12 dark left\">\n\t<div  class=\"vc_col-sm-12 wpb_column column_container vc_column_container col no-extra-padding inherit_tablet inherit_phone\"  data-padding-pos=\"all\" data-has-bg-color=\"false\" data-bg-color=\"\" data-bg-opacity=\"1\" data-animation=\"\" data-delay=\"0\" >\n\t\t<div class=\"vc_column-inner\" >\n\t\t\t<div class=\"wpb_wrapper\">\n\t\t\t\t<div class=\"img-with-aniamtion-wrap\" data-max-width=\"100%\" data-max-width-mobile=\"default\" data-shadow=\"none\" data-animation=\"none\" >\n      <div class=\"inner\">\n        <div class=\"hover-wrap\"> \n          <div class=\"hover-wrap-inner\">\n            <img loading=\"lazy\" decoding=\"async\" class=\"img-with-animation skip-lazy\" data-delay=\"0\" height=\"376\" width=\"1920\" data-animation=\"none\" src=\"https:\/\/setlementtijoensuu.fi\/wp-content\/uploads\/2026\/03\/Mukana-hanke-2026.png\" alt=\"\" srcset=\"https:\/\/setlementtijoensuu.fi\/wp-content\/uploads\/2026\/03\/Mukana-hanke-2026.png 1920w, https:\/\/setlementtijoensuu.fi\/wp-content\/uploads\/2026\/03\/Mukana-hanke-2026-1536x301.png 1536w, https:\/\/setlementtijoensuu.fi\/wp-content\/uploads\/2026\/03\/Mukana-hanke-2026-18x4.png 18w, https:\/\/setlementtijoensuu.fi\/wp-content\/uploads\/2026\/03\/Mukana-hanke-2026-300x59.png 300w, https:\/\/setlementtijoensuu.fi\/wp-content\/uploads\/2026\/03\/Mukana-hanke-2026-768x150.png 768w, https:\/\/setlementtijoensuu.fi\/wp-content\/uploads\/2026\/03\/Mukana-hanke-2026-1024x201.png 1024w\" sizes=\"auto, (max-width: 1920px) 100vw, 1920px\" \/>\n          <\/div>\n        <\/div>\n      <\/div>\n    <\/div>\n\t\t\t<\/div> \n\t\t<\/div>\n\t<\/div> \n<\/div><\/div>","protected":false},"excerpt":{"rendered":"Mukana-hankkeessa tuetaan 40\u201365-vuotiaita, heikossa ty\u00f6markkina-asemassa olevia miehi\u00e4 vahvistamalla osallisuutta, hyvinvointia ja ty\u00f6el\u00e4m\u00e4valmiuksia...","protected":false},"author":17,"featured_media":0,"parent":0,"menu_order":0,"comment_status":"closed","ping_status":"closed","template":"","meta":{"footnotes":""},"class_list":["post-7507","page","type-page","status-publish"],"yoast_head":"<!-- This site is optimized with the Yoast SEO plugin v24.5 - https:\/\/yoast.com\/wordpress\/plugins\/seo\/ -->\n<title>Mukana - Setlementti Joensuu<\/title>\n<meta name=\"robots\" content=\"index, follow, max-snippet:-1, max-image-preview:large, max-video-preview:-1\" \/>\n<link rel=\"canonical\" href=\"https:\/\/setlementtijoensuu.fi\/en\/mukana\/\" \/>\n<meta property=\"og:locale\" content=\"en_US\" \/>\n<meta property=\"og:type\" content=\"article\" \/>\n<meta property=\"og:title\" content=\"Mukana - Setlementti Joensuu\" \/>\n<meta property=\"og:url\" content=\"https:\/\/setlementtijoensuu.fi\/en\/mukana\/\" \/>\n<meta property=\"og:site_name\" content=\"Setlementti Joensuu\" \/>\n<meta property=\"article:publisher\" content=\"https:\/\/www.facebook.com\/setlementtijoensuu.fi\" \/>\n<meta property=\"article:modified_time\" content=\"2026-04-24T06:55:01+00:00\" \/>\n<meta property=\"og:image\" content=\"https:\/\/setlementtijoensuu.fi\/wp-content\/uploads\/2023\/02\/joensuun-setlementti-1920.jpg\" \/>\n\t<meta property=\"og:image:width\" content=\"1920\" \/>\n\t<meta property=\"og:image:height\" content=\"870\" \/>\n\t<meta property=\"og:image:type\" content=\"image\/jpeg\" \/>\n<meta name=\"twitter:card\" content=\"summary_large_image\" \/>\n<meta name=\"twitter:label1\" content=\"Est. reading time\" \/>\n\t<meta name=\"twitter:data1\" content=\"3 minutes\" \/>\n<script type=\"application\/ld+json\" class=\"yoast-schema-graph\">{\"@context\":\"https:\/\/schema.org\",\"@graph\":[{\"@type\":\"WebPage\",\"@id\":\"https:\/\/setlementtijoensuu.fi\/mukana\",\"url\":\"https:\/\/setlementtijoensuu.fi\/mukana\",\"name\":\"Mukana - Setlementti Joensuu\",\"isPartOf\":{\"@id\":\"https:\/\/setlementtijoensuu.fi\/#website\"},\"datePublished\":\"2026-03-10T10:18:30+00:00\",\"dateModified\":\"2026-04-24T06:55:01+00:00\",\"breadcrumb\":{\"@id\":\"https:\/\/setlementtijoensuu.fi\/mukana#breadcrumb\"},\"inLanguage\":\"en-US\",\"potentialAction\":[{\"@type\":\"ReadAction\",\"target\":[\"https:\/\/setlementtijoensuu.fi\/mukana\"]}]},{\"@type\":\"BreadcrumbList\",\"@id\":\"https:\/\/setlementtijoensuu.fi\/mukana#breadcrumb\",\"itemListElement\":[{\"@type\":\"ListItem\",\"position\":1,\"name\":\"Etusivu\",\"item\":\"https:\/\/setlementtijoensuu.fi\/\"},{\"@type\":\"ListItem\",\"position\":2,\"name\":\"Mukana\"}]},{\"@type\":\"WebSite\",\"@id\":\"https:\/\/setlementtijoensuu.fi\/#website\",\"url\":\"https:\/\/setlementtijoensuu.fi\/\",\"name\":\"Setlementti Joensuu\",\"description\":\"Rohkeasti ihmisen puolella\",\"publisher\":{\"@id\":\"https:\/\/setlementtijoensuu.fi\/#organization\"},\"alternateName\":\"Joensuun Setlementti Ry\",\"potentialAction\":[{\"@type\":\"SearchAction\",\"target\":{\"@type\":\"EntryPoint\",\"urlTemplate\":\"https:\/\/setlementtijoensuu.fi\/?s={search_term_string}\"},\"query-input\":{\"@type\":\"PropertyValueSpecification\",\"valueRequired\":true,\"valueName\":\"search_term_string\"}}],\"inLanguage\":\"en-US\"},{\"@type\":\"Organization\",\"@id\":\"https:\/\/setlementtijoensuu.fi\/#organization\",\"name\":\"Joensuun Setlementti ry\",\"alternateName\":\"Joensuun Setlementti\",\"url\":\"https:\/\/setlementtijoensuu.fi\/\",\"logo\":{\"@type\":\"ImageObject\",\"inLanguage\":\"en-US\",\"@id\":\"https:\/\/setlementtijoensuu.fi\/#\/schema\/logo\/image\/\",\"url\":\"https:\/\/setlementtijoensuu.fi\/wp-content\/uploads\/2023\/02\/logo-retina-1.png\",\"contentUrl\":\"https:\/\/setlementtijoensuu.fi\/wp-content\/uploads\/2023\/02\/logo-retina-1.png\",\"width\":200,\"height\":88,\"caption\":\"Joensuun Setlementti ry\"},\"image\":{\"@id\":\"https:\/\/setlementtijoensuu.fi\/#\/schema\/logo\/image\/\"},\"sameAs\":[\"https:\/\/www.facebook.com\/setlementtijoensuu.fi\",\"https:\/\/www.instagram.com\/joensuunsetlementti\/\"]}]}<\/script>\n<!-- \/ Yoast SEO plugin. -->","yoast_head_json":{"title":"Mukana - Setlementti Joensuu","robots":{"index":"index","follow":"follow","max-snippet":"max-snippet:-1","max-image-preview":"max-image-preview:large","max-video-preview":"max-video-preview:-1"},"canonical":"https:\/\/setlementtijoensuu.fi\/en\/mukana\/","og_locale":"en_US","og_type":"article","og_title":"Mukana - Setlementti Joensuu","og_url":"https:\/\/setlementtijoensuu.fi\/en\/mukana\/","og_site_name":"Setlementti Joensuu","article_publisher":"https:\/\/www.facebook.com\/setlementtijoensuu.fi","article_modified_time":"2026-04-24T06:55:01+00:00","og_image":[{"width":1920,"height":870,"url":"https:\/\/setlementtijoensuu.fi\/wp-content\/uploads\/2023\/02\/joensuun-setlementti-1920.jpg","type":"image\/jpeg"}],"twitter_card":"summary_large_image","twitter_misc":{"Est. reading time":"3 minutes"},"schema":{"@context":"https:\/\/schema.org","@graph":[{"@type":"WebPage","@id":"https:\/\/setlementtijoensuu.fi\/mukana","url":"https:\/\/setlementtijoensuu.fi\/mukana","name":"Mukana - Setlementti Joensuu","isPartOf":{"@id":"https:\/\/setlementtijoensuu.fi\/#website"},"datePublished":"2026-03-10T10:18:30+00:00","dateModified":"2026-04-24T06:55:01+00:00","breadcrumb":{"@id":"https:\/\/setlementtijoensuu.fi\/mukana#breadcrumb"},"inLanguage":"en-US","potentialAction":[{"@type":"ReadAction","target":["https:\/\/setlementtijoensuu.fi\/mukana"]}]},{"@type":"BreadcrumbList","@id":"https:\/\/setlementtijoensuu.fi\/mukana#breadcrumb","itemListElement":[{"@type":"ListItem","position":1,"name":"Etusivu","item":"https:\/\/setlementtijoensuu.fi\/"},{"@type":"ListItem","position":2,"name":"Mukana"}]},{"@type":"WebSite","@id":"https:\/\/setlementtijoensuu.fi\/#website","url":"https:\/\/setlementtijoensuu.fi\/","name":"Setlementti Joensuu","description":"Rohkeasti ihmisen puolella","publisher":{"@id":"https:\/\/setlementtijoensuu.fi\/#organization"},"alternateName":"Joensuun Setlementti Ry","potentialAction":[{"@type":"SearchAction","target":{"@type":"EntryPoint","urlTemplate":"https:\/\/setlementtijoensuu.fi\/?s={search_term_string}"},"query-input":{"@type":"PropertyValueSpecification","valueRequired":true,"valueName":"search_term_string"}}],"inLanguage":"en-US"},{"@type":"Organization","@id":"https:\/\/setlementtijoensuu.fi\/#organization","name":"Joensuun Setlementti ry","alternateName":"Joensuun Setlementti","url":"https:\/\/setlementtijoensuu.fi\/","logo":{"@type":"ImageObject","inLanguage":"en-US","@id":"https:\/\/setlementtijoensuu.fi\/#\/schema\/logo\/image\/","url":"https:\/\/setlementtijoensuu.fi\/wp-content\/uploads\/2023\/02\/logo-retina-1.png","contentUrl":"https:\/\/setlementtijoensuu.fi\/wp-content\/uploads\/2023\/02\/logo-retina-1.png","width":200,"height":88,"caption":"Joensuun Setlementti ry"},"image":{"@id":"https:\/\/setlementtijoensuu.fi\/#\/schema\/logo\/image\/"},"sameAs":["https:\/\/www.facebook.com\/setlementtijoensuu.fi","https:\/\/www.instagram.com\/joensuunsetlementti\/"]}]}},"_links":{"self":[{"href":"https:\/\/setlementtijoensuu.fi\/en\/wp-json\/wp\/v2\/pages\/7507","targetHints":{"allow":["GET"]}}],"collection":[{"href":"https:\/\/setlementtijoensuu.fi\/en\/wp-json\/wp\/v2\/pages"}],"about":[{"href":"https:\/\/setlementtijoensuu.fi\/en\/wp-json\/wp\/v2\/types\/page"}],"author":[{"embeddable":true,"href":"https:\/\/setlementtijoensuu.fi\/en\/wp-json\/wp\/v2\/users\/17"}],"replies":[{"embeddable":true,"href":"https:\/\/setlementtijoensuu.fi\/en\/wp-json\/wp\/v2\/comments?post=7507"}],"version-history":[{"count":36,"href":"https:\/\/setlementtijoensuu.fi\/en\/wp-json\/wp\/v2\/pages\/7507\/revisions"}],"predecessor-version":[{"id":7641,"href":"https:\/\/setlementtijoensuu.fi\/en\/wp-json\/wp\/v2\/pages\/7507\/revisions\/7641"}],"wp:attachment":[{"href":"https:\/\/setlementtijoensuu.fi\/en\/wp-json\/wp\/v2\/media?parent=7507"}],"curies":[{"name":"wp","href":"https:\/\/api.w.org\/{rel}","templated":true}]}}